{"id":1063,"date":"2018-05-24T08:09:05","date_gmt":"2018-05-24T06:09:05","guid":{"rendered":"https:\/\/bluesatmoonlight.com\/?page_id=1063"},"modified":"2025-04-09T13:29:23","modified_gmt":"2025-04-09T11:29:23","slug":"privacy-policy","status":"publish","type":"page","link":"https:\/\/bluesatmoonlight.com\/es\/privacy-policy\/","title":{"rendered":"Pol\u00edtica de Privacidad"},"content":{"rendered":"<p>[vc_row css_animation=\u00bb\u00bb row_type=\u00bbrow\u00bb use_row_as_full_screen_section=\u00bbno\u00bb type=\u00bbfull_width\u00bb angled_section=\u00bbno\u00bb text_align=\u00bbleft\u00bb background_image_as_pattern=\u00bbwithout_pattern\u00bb][vc_column width=\u00bb1\/6&#8243;][\/vc_column][vc_column width=\u00bb2\/3&#8243;][vc_empty_space height=\u00bb232px\u00bb][vc_separator type=\u00bbnormal\u00bb up=\u00bb200&#8243;][vc_column_text]<\/p>\n<p class=\"p1\"><span class=\"s1\">Su privacidad es importante para Blues at Moonlight. Esta pol\u00edtica de privacidad cubre lo que recopilamos y c\u00f3mo usamos, divulgamos, transferimos y almacenamos su informaci\u00f3n.<\/span><\/p>\n<p class=\"p3\"><span class=\"s2\"><b>1. Identidad de Blues at Moonlight<\/b><\/span><\/p>\n<p class=\"p5\"><span class=\"s1\">Si tiene alguna pregunta sobre esta pol\u00edtica de privacidad, puede comunicarse con la empresa organizadora del festival utilizando la informaci\u00f3n a continuaci\u00f3n.<\/span><\/p>\n<p class=\"p6\"><span class=\"s1\">Email: info@bluesatmoonlight.com<\/span><\/p>\n<p class=\"p5\"><span class=\"s1\">Nuestros clientes pueden enviar consultas sobre asuntos de protecci\u00f3n de datos personales, privacidad y seguridad<\/span><span class=\"s1\">: info@bluesatmoonlight.com<\/span><\/p>\n<p class=\"p1\"><span class=\"s1\"><b>2. \u00bfQu\u00e9 informaci\u00f3n recopilamos y donde se guarda?<\/b><\/span><\/p>\n<p class=\"p7\"><span class=\"s1\">Puede visitar nuestro sitio de forma an\u00f3nima.<\/span><\/p>\n<p class=\"p5\"><span class=\"s1\">Si decide rellenar el formulario de contacto, la informaci\u00f3n que se recoge es su nombre y su direcci\u00f3n de correo electr\u00f3nico. Toda la informaci\u00f3n se pasa al correo electr\u00f3nico del gerente de la empresa, y se guarda dentro de sus contactos en Outlook y en la cuenta de la empresa en Mailchimp. Para m\u00e1s informaci\u00f3n sobre la pol\u00edtica de seguridad de estas empresas, puede visitar sus respectivas p\u00e1ginas web: <\/span><\/p>\n<p class=\"p8\"><span class=\"s3\"><a href=\"https:\/\/mailchimp.com\/legal\/privacy\/\">https:\/\/mailchimp.com\/legal\/privacy\/<\/a><\/span><\/p>\n<p class=\"p8\"><span class=\"s3\"><a href=\"https:\/\/privacy.microsoft.com\/en-us\/privacystatement\">https:\/\/privacy.microsoft.com\/en-us\/privacystatement<\/a><\/span><\/p>\n<p class=\"p9\"><span class=\"s1\"><b>3. Uso de la informaci\u00f3n recogida<\/b><\/span><\/p>\n<p class=\"p1\"><span class=\"s1\">Nuestro sitio web emplea la informaci\u00f3n con el fin de proporcionar el mejor servicio posible, particularmente para mantener un registro de usuarios y mejorar nuestros productos y servicios. Enviaremos correos electr\u00f3nicos peri\u00f3dicamente con ofertas especiales, nuevos productos y otra informaci\u00f3n publicitaria que consideremos relevante para usted o que pueda brindarle alg\u00fan beneficio, estos correos electr\u00f3nicos ser\u00e1n enviados a la direcci\u00f3n que usted proporcione y podr\u00e1n ser cancelados en cualquier momento.<\/span><\/p>\n<p class=\"p1\"><span class=\"s1\">Blues at Moonlight est\u00e1n altamente comprometidos para cumplir con el compromiso de mantener su informaci\u00f3n segura. Usamos los sistemas m\u00e1s avanzados y los actualizamos constantemente para asegurarnos que no exista ning\u00fan acceso no autorizado.<\/span><\/p>\n<p class=\"p1\"><span class=\"s1\"><b>4. Cookies<\/b><\/span><\/p>\n<p class=\"p1\"><span class=\"s1\">Una cookie se refiere a un fichero que es enviado con la finalidad de solicitar permiso para almacenarse en su ordenador, al aceptar dicho fichero se crea y la cookie sirve entonces para tener informaci\u00f3n respecto al tr\u00e1fico web, y tambi\u00e9n facilita las futuras visitas a una web recurrente. Otra funci\u00f3n que tienen las cookies es que con ellas, las web pueden reconocerte individualmente y por tanto brindarte el mejor servicio personalizado de su web.<\/span><\/p>\n<p class=\"p6\"><span class=\"s1\">Nuestro sitio web emplea las cookies para poder identificar las p\u00e1ginas que son visitadas y su frecuencia. Esta informaci\u00f3n es empleada \u00fanicamente para an\u00e1lisis estad\u00edstico y despu\u00e9s la informaci\u00f3n se elimina de forma permanente. Usted puede eliminar las cookies en cualquier momento desde su ordenador. Sin embargo las cookies ayudan a proporcionar un mejor servicio de los sitios web, est\u00e1s no dan acceso a informaci\u00f3n de su ordenador ni de usted, a menos de que usted as\u00ed lo quiera y la proporcione directamente,\u00a0visitas a una web\u00a0. Usted puede aceptar o negar el uso de cookies, sin embargo, la mayor\u00eda de navegadores aceptan cookies autom\u00e1ticamente pues sirve para tener un mejor servicio web. Tambi\u00e9n usted puede cambiar la configuraci\u00f3n de su ordenador para declinar las cookies. Si se declinan es posible que no pueda utilizar <\/span><\/p>\n<p class=\"p6\"><span class=\"s1\">algunos de nuestros servicios.<\/span><\/p>\n<p class=\"p1\"><span class=\"s1\"><b>5. Enlaces a Terceros<\/b><\/span><\/p>\n<p class=\"p1\"><span class=\"s1\">Este sitio web contiene enlaces a sitios terceros que almac\u00e9n nuestros v\u00eddeos, como por ejemplo YouTube. Una vez que usted de clic en estos enlaces y abandone nuestra p\u00e1gina, ya no tenemos control sobre al sitio al que es redirigido y por lo tanto no somos responsables de los t\u00e9rminos o privacidad ni de la protecci\u00f3n de sus datos en esos otros sitios terceros. Dichos sitios est\u00e1n sujetos a sus propias pol\u00edticas de privacidad por lo cual es recomendable que los consulte para confirmar que usted est\u00e1 de acuerdo con estas.<\/span><\/p>\n<p class=\"p1\"><span class=\"s1\"><b>6. Control de su informaci\u00f3n personal<\/b><\/span><\/p>\n<p class=\"p1\"><span class=\"s1\">En cualquier momento usted puede restringir la recopilaci\u00f3n o el uso de la informaci\u00f3n personal que es proporcionada a nuestro sitio web.\u00a0Cada vez que se le solicite rellenar un formulario, como el de alta de usuario, puede marcar o desmarcar la opci\u00f3n de recibir informaci\u00f3n por correo electr\u00f3nico. \u00a0En caso de que haya marcado la opci\u00f3n de recibir nuestro bolet\u00edn o publicidad usted puede cancelarla en cualquier momento.<\/span><\/p>\n<p class=\"p1\"><span class=\"s1\">Esta compa\u00f1\u00eda nunca vender\u00e1, ceder\u00e1 ni distribuir\u00e1 la informaci\u00f3n personal que es recopilada sin su consentimiento, salvo que sea requerido por un juez con un orden judicial.<\/span><\/p>\n<p class=\"p11\"><span class=\"s2\"><b>7. Su consentimiento<\/b><\/span><\/p>\n<p class=\"p7\"><span class=\"s1\">Al usar nuestro sitio, usted acepta esta Pol\u00edtica de privacidad.<\/span><\/p>\n<p class=\"p7\"><span class=\"s2\"><b>8. Cambios en nuestra Pol\u00edtica de privacidad<\/b><\/span><\/p>\n<p class=\"p7\"><span class=\"s1\">Si decidimos cambiar nuestra Pol\u00edtica de privacidad, publicaremos esos cambios en esta p\u00e1gina o actualizaremos la fecha de modificaci\u00f3n de la Pol\u00edtica de privacidad a continuaci\u00f3n. Esta Pol\u00edtica de privacidad fue modificada por \u00faltima vez en el 23 de abril de 2018. <\/span><\/p>\n<p>[\/vc_column_text][\/vc_column][vc_column width=\u00bb1\/6&#8243;][\/vc_column][\/vc_row]<\/p>\n","protected":false},"excerpt":{"rendered":"<p>[vc_row css_animation=\u00bb\u00bb row_type=\u00bbrow\u00bb use_row_as_full_screen_section=\u00bbno\u00bb type=\u00bbfull_width\u00bb angled_section=\u00bbno\u00bb text_align=\u00bbleft\u00bb background_image_as_pattern=\u00bbwithout_pattern\u00bb][vc_column width=\u00bb1\/6&#8243;][\/vc_column][vc_column width=\u00bb2\/3&#8243;][vc_empty_space height=\u00bb232px\u00bb][vc_separator type=\u00bbnormal\u00bb up=\u00bb200&#8243;][vc_column_text] Su privacidad es importante para Blues at Moonlight. Esta pol\u00edtica de privacidad cubre lo que recopilamos y c\u00f3mo usamos, divulgamos, transferimos y almacenamos su informaci\u00f3n. 1. Identidad de Blues at Moonlight Si&#8230;<\/p>\n","protected":false},"author":1,"featured_media":0,"parent":0,"menu_order":0,"comment_status":"closed","ping_status":"closed","template":"full_width.php","meta":{"footnotes":""},"class_list":["post-1063","page","type-page","status-publish","hentry"],"yoast_head":"<!-- This site is optimized with the Yoast SEO plugin v24.8.1 - https:\/\/yoast.com\/wordpress\/plugins\/seo\/ -->\n<title>Pol\u00edtica de Privacidad - Blues at Moonlight<\/title>\n<meta name=\"robots\" content=\"index, follow, max-snippet:-1, max-image-preview:large, max-video-preview:-1\" \/>\n<link rel=\"canonical\" href=\"https:\/\/bluesatmoonlight.com\/es\/privacy-policy\/\" \/>\n<meta property=\"og:locale\" content=\"es_ES\" \/>\n<meta property=\"og:type\" content=\"article\" \/>\n<meta property=\"og:title\" content=\"Pol\u00edtica de Privacidad - Blues at Moonlight\" \/>\n<meta property=\"og:description\" content=\"[vc_row css_animation=\u00bb\u00bb row_type=\u00bbrow\u00bb use_row_as_full_screen_section=\u00bbno\u00bb type=\u00bbfull_width\u00bb angled_section=\u00bbno\u00bb text_align=\u00bbleft\u00bb background_image_as_pattern=\u00bbwithout_pattern\u00bb][vc_column width=\u00bb1\/6&#8243;][\/vc_column][vc_column width=\u00bb2\/3&#8243;][vc_empty_space height=\u00bb232px\u00bb][vc_separator type=\u00bbnormal\u00bb up=\u00bb200&#8243;][vc_column_text] Su privacidad es importante para Blues at Moonlight. Esta pol\u00edtica de privacidad cubre lo que recopilamos y c\u00f3mo usamos, divulgamos, transferimos y almacenamos su informaci\u00f3n. 1. Identidad de Blues at Moonlight Si...\" \/>\n<meta property=\"og:url\" content=\"https:\/\/bluesatmoonlight.com\/es\/privacy-policy\/\" \/>\n<meta property=\"og:site_name\" content=\"Blues at Moonlight\" \/>\n<meta property=\"article:modified_time\" content=\"2025-04-09T11:29:23+00:00\" \/>\n<meta name=\"twitter:card\" content=\"summary_large_image\" \/>\n<meta name=\"twitter:label1\" content=\"Tiempo de lectura\" \/>\n\t<meta name=\"twitter:data1\" content=\"4 minutos\" \/>\n<script type=\"application\/ld+json\" class=\"yoast-schema-graph\">{\"@context\":\"https:\/\/schema.org\",\"@graph\":[{\"@type\":\"WebPage\",\"@id\":\"https:\/\/bluesatmoonlight.com\/es\/privacy-policy\/\",\"url\":\"https:\/\/bluesatmoonlight.com\/es\/privacy-policy\/\",\"name\":\"Pol\u00edtica de Privacidad - Blues at Moonlight\",\"isPartOf\":{\"@id\":\"https:\/\/bluesatmoonlight.com\/es\/#website\"},\"datePublished\":\"2018-05-24T06:09:05+00:00\",\"dateModified\":\"2025-04-09T11:29:23+00:00\",\"breadcrumb\":{\"@id\":\"https:\/\/bluesatmoonlight.com\/es\/privacy-policy\/#breadcrumb\"},\"inLanguage\":\"es\",\"potentialAction\":[{\"@type\":\"ReadAction\",\"target\":[[\"https:\/\/bluesatmoonlight.com\/es\/privacy-policy\/\"]]}]},{\"@type\":\"BreadcrumbList\",\"@id\":\"https:\/\/bluesatmoonlight.com\/es\/privacy-policy\/#breadcrumb\",\"itemListElement\":[{\"@type\":\"ListItem\",\"position\":1,\"name\":\"Home\",\"item\":\"https:\/\/bluesatmoonlight.com\/es\/\"},{\"@type\":\"ListItem\",\"position\":2,\"name\":\"Privacy Policy\"}]},{\"@type\":\"WebSite\",\"@id\":\"https:\/\/bluesatmoonlight.com\/es\/#website\",\"url\":\"https:\/\/bluesatmoonlight.com\/es\/\",\"name\":\"Blues at Moonlight\",\"description\":\"Rockabilly and American Roots Music Vintage Festival\",\"publisher\":{\"@id\":\"https:\/\/bluesatmoonlight.com\/es\/#organization\"},\"potentialAction\":[{\"@type\":\"SearchAction\",\"target\":{\"@type\":\"EntryPoint\",\"urlTemplate\":\"https:\/\/bluesatmoonlight.com\/es\/?s={search_term_string}\"},\"query-input\":{\"@type\":\"PropertyValueSpecification\",\"valueRequired\":true,\"valueName\":\"search_term_string\"}}],\"inLanguage\":\"es\"},{\"@type\":\"Organization\",\"@id\":\"https:\/\/bluesatmoonlight.com\/es\/#organization\",\"name\":\"Blues at Moonlight\",\"url\":\"https:\/\/bluesatmoonlight.com\/es\/\",\"logo\":{\"@type\":\"ImageObject\",\"inLanguage\":\"es\",\"@id\":\"https:\/\/bluesatmoonlight.com\/es\/#\/schema\/logo\/image\/\",\"url\":\"https:\/\/bluesatmoonlight.com\/wp-content\/uploads\/2019\/05\/FB_Banner.jpg\",\"contentUrl\":\"https:\/\/bluesatmoonlight.com\/wp-content\/uploads\/2019\/05\/FB_Banner.jpg\",\"width\":2763,\"height\":1029,\"caption\":\"Blues at Moonlight\"},\"image\":{\"@id\":\"https:\/\/bluesatmoonlight.com\/es\/#\/schema\/logo\/image\/\"}}]}<\/script>\n<!-- \/ Yoast SEO plugin. -->","yoast_head_json":{"title":"Pol\u00edtica de Privacidad - Blues at Moonlight","robots":{"index":"index","follow":"follow","max-snippet":"max-snippet:-1","max-image-preview":"max-image-preview:large","max-video-preview":"max-video-preview:-1"},"canonical":"https:\/\/bluesatmoonlight.com\/es\/privacy-policy\/","og_locale":"es_ES","og_type":"article","og_title":"Pol\u00edtica de Privacidad - Blues at Moonlight","og_description":"[vc_row css_animation=\u00bb\u00bb row_type=\u00bbrow\u00bb use_row_as_full_screen_section=\u00bbno\u00bb type=\u00bbfull_width\u00bb angled_section=\u00bbno\u00bb text_align=\u00bbleft\u00bb background_image_as_pattern=\u00bbwithout_pattern\u00bb][vc_column width=\u00bb1\/6&#8243;][\/vc_column][vc_column width=\u00bb2\/3&#8243;][vc_empty_space height=\u00bb232px\u00bb][vc_separator type=\u00bbnormal\u00bb up=\u00bb200&#8243;][vc_column_text] Su privacidad es importante para Blues at Moonlight. Esta pol\u00edtica de privacidad cubre lo que recopilamos y c\u00f3mo usamos, divulgamos, transferimos y almacenamos su informaci\u00f3n. 1. Identidad de Blues at Moonlight Si...","og_url":"https:\/\/bluesatmoonlight.com\/es\/privacy-policy\/","og_site_name":"Blues at Moonlight","article_modified_time":"2025-04-09T11:29:23+00:00","twitter_card":"summary_large_image","twitter_misc":{"Tiempo de lectura":"4 minutos"},"schema":{"@context":"https:\/\/schema.org","@graph":[{"@type":"WebPage","@id":"https:\/\/bluesatmoonlight.com\/es\/privacy-policy\/","url":"https:\/\/bluesatmoonlight.com\/es\/privacy-policy\/","name":"Pol\u00edtica de Privacidad - Blues at Moonlight","isPartOf":{"@id":"https:\/\/bluesatmoonlight.com\/es\/#website"},"datePublished":"2018-05-24T06:09:05+00:00","dateModified":"2025-04-09T11:29:23+00:00","breadcrumb":{"@id":"https:\/\/bluesatmoonlight.com\/es\/privacy-policy\/#breadcrumb"},"inLanguage":"es","potentialAction":[{"@type":"ReadAction","target":[["https:\/\/bluesatmoonlight.com\/es\/privacy-policy\/"]]}]},{"@type":"BreadcrumbList","@id":"https:\/\/bluesatmoonlight.com\/es\/privacy-policy\/#breadcrumb","itemListElement":[{"@type":"ListItem","position":1,"name":"Home","item":"https:\/\/bluesatmoonlight.com\/es\/"},{"@type":"ListItem","position":2,"name":"Privacy Policy"}]},{"@type":"WebSite","@id":"https:\/\/bluesatmoonlight.com\/es\/#website","url":"https:\/\/bluesatmoonlight.com\/es\/","name":"Blues at Moonlight","description":"Rockabilly and American Roots Music Vintage Festival","publisher":{"@id":"https:\/\/bluesatmoonlight.com\/es\/#organization"},"potentialAction":[{"@type":"SearchAction","target":{"@type":"EntryPoint","urlTemplate":"https:\/\/bluesatmoonlight.com\/es\/?s={search_term_string}"},"query-input":{"@type":"PropertyValueSpecification","valueRequired":true,"valueName":"search_term_string"}}],"inLanguage":"es"},{"@type":"Organization","@id":"https:\/\/bluesatmoonlight.com\/es\/#organization","name":"Blues at Moonlight","url":"https:\/\/bluesatmoonlight.com\/es\/","logo":{"@type":"ImageObject","inLanguage":"es","@id":"https:\/\/bluesatmoonlight.com\/es\/#\/schema\/logo\/image\/","url":"https:\/\/bluesatmoonlight.com\/wp-content\/uploads\/2019\/05\/FB_Banner.jpg","contentUrl":"https:\/\/bluesatmoonlight.com\/wp-content\/uploads\/2019\/05\/FB_Banner.jpg","width":2763,"height":1029,"caption":"Blues at Moonlight"},"image":{"@id":"https:\/\/bluesatmoonlight.com\/es\/#\/schema\/logo\/image\/"}}]}},"_links":{"self":[{"href":"https:\/\/bluesatmoonlight.com\/es\/wp-json\/wp\/v2\/pages\/1063","targetHints":{"allow":["GET"]}}],"collection":[{"href":"https:\/\/bluesatmoonlight.com\/es\/wp-json\/wp\/v2\/pages"}],"about":[{"href":"https:\/\/bluesatmoonlight.com\/es\/wp-json\/wp\/v2\/types\/page"}],"author":[{"embeddable":true,"href":"https:\/\/bluesatmoonlight.com\/es\/wp-json\/wp\/v2\/users\/1"}],"replies":[{"embeddable":true,"href":"https:\/\/bluesatmoonlight.com\/es\/wp-json\/wp\/v2\/comments?post=1063"}],"version-history":[{"count":10,"href":"https:\/\/bluesatmoonlight.com\/es\/wp-json\/wp\/v2\/pages\/1063\/revisions"}],"predecessor-version":[{"id":2715,"href":"https:\/\/bluesatmoonlight.com\/es\/wp-json\/wp\/v2\/pages\/1063\/revisions\/2715"}],"wp:attachment":[{"href":"https:\/\/bluesatmoonlight.com\/es\/wp-json\/wp\/v2\/media?parent=1063"}],"curies":[{"name":"wp","href":"https:\/\/api.w.org\/{rel}","templated":true}]}}