{"id":148,"date":"2016-02-22T15:30:41","date_gmt":"2016-02-22T15:30:41","guid":{"rendered":"http:\/\/bridge7.qodeinteractive.com\/?page_id=148"},"modified":"2025-10-14T13:42:55","modified_gmt":"2025-10-14T11:42:55","slug":"about","status":"publish","type":"page","link":"https:\/\/bluesatmoonlight.com\/es\/about\/","title":{"rendered":"Sobre los Conciertos"},"content":{"rendered":"<p>[vc_row css_animation=\u00bb\u00bb row_type=\u00bbrow\u00bb use_row_as_full_screen_section=\u00bbno\u00bb type=\u00bbgrid\u00bb angled_section=\u00bbno\u00bb text_align=\u00bbleft\u00bb background_image_as_pattern=\u00bbwithout_pattern\u00bb background_image=\u00bb2194&#8243; padding_top=\u00bb170&#8243; padding_bottom=\u00bb80&#8243;][vc_column css=\u00bb.vc_custom_1634250728724{padding-top: 0px !important;padding-right: 0px !important;padding-bottom: 0px !important;padding-left: 0px !important;}\u00bb][vc_column_text]<\/p>\n<h4><span style=\"color: #ffffff;\">Sobre<\/span><\/h4>\n<p>[\/vc_column_text][vc_separator type=\u00bbtransparent\u00bb up=\u00bb15&#8243; down=\u00bb0&#8243;][vc_column_text]<\/p>\n<h2 style=\"text-shadow: 2px 2px 5px black;\">Blues at Moonlight<\/h2>\n<p>[\/vc_column_text][vc_column_text]<\/p>\n<h3>Por El Dandy Festivals<\/h3>\n<p>[\/vc_column_text][vc_separator type=\u00bbtransparent\u00bb up=\u00bb50&#8243; down=\u00bb0&#8243;][vc_row_inner row_type=\u00bbrow\u00bb type=\u00bbfull_width\u00bb text_align=\u00bbleft\u00bb css_animation=\u00bb\u00bb background_color=\u00bbrgba(10,10,10,0.63)\u00bb padding_top=\u00bb45&#8243; padding_bottom=\u00bb20&#8243; el_id=\u00bbhorario\u00bb][vc_column_inner width=\u00bb3\/12&#8243;][vc_column_text]<\/p>\n<h3>Descubrenos<\/h3>\n<p>[\/vc_column_text][vc_separator type=\u00bbsmall\u00bb position=\u00bbleft\u00bb][vc_column_text]<\/p>\n<p>Un a\u00f1o m\u00e1s, ActivPro presenta una nueva edici\u00f3n con DJs internacionales de rockabilly y m\u00fasica de ra\u00edces americana y actuaciones de algunos de los artistas que han grabado con nuestro sello El Dandy Records: BLUES AT MOONLIGHT, con una programaci\u00f3n realmente atrevida.[\/vc_column_text][vc_separator type=\u00bbsmall\u00bb position=\u00bbleft\u00bb][vc_column_text]<\/p>\n<h3>The Blues Room (BAM Preview)<\/h3>\n<p>[\/vc_column_text][vc_separator type=\u00bbsmall\u00bb position=\u00bbleft\u00bb][vc_single_image image=\u00bb2614&#8243; img_size=\u00bblarge\u00bb qode_css_animation=\u00bb\u00bb][vc_single_image image=\u00bb2508&#8243; img_size=\u00bblarge\u00bb qode_css_animation=\u00bb\u00bb][vc_single_image image=\u00bb2552&#8243; img_size=\u00bblarge\u00bb qode_css_animation=\u00bb\u00bb][vc_single_image image=\u00bb2555&#8243; img_size=\u00bblarge\u00bb qode_css_animation=\u00bb\u00bb][\/vc_column_inner][vc_column_inner width=\u00bb9\/12&#8243;]<a  itemprop=\"url\" href=\"\/buy-blues-at-moonlight-15-tickets\/\" target=\"_self\"  class=\"qbutton  default\" style=\"\">Comprar entradas!<\/a><a  itemprop=\"url\" href=\"\/artist\" target=\"_self\"  class=\"qbutton  default\" style=\"margin: 0px 0px 0px 40px; \">Ver Artistas<\/a>[vc_separator type=\u00bbtransparent\u00bb][vc_single_image image=\u00bb2755&#8243; img_size=\u00bbfull\u00bb alignment=\u00bbcenter\u00bb qode_css_animation=\u00bb\u00bb][vc_gallery type=\u00bbimage_grid\u00bb images=\u00bb2764,2763,2762,2761,2760&#8243; img_size=\u00bb400&#215;400&#8243; column_number=\u00bb2&#8243; grayscale=\u00bbno\u00bb images_space=\u00bbgallery_without_space\u00bb][vc_separator type=\u00bbtransparent\u00bb][vc_separator type=\u00bbtransparent\u00bb][vc_separator type=\u00bbtransparent\u00bb][vc_column_text]<\/p>\n<h3>Ediciones Anteriores<\/h3>\n<p>[\/vc_column_text][vc_video link=\u00bbhttps:\/\/www.youtube.com\/watch?v=66HBDLcI2qA\u00bb][\/vc_column_inner][\/vc_row_inner][\/vc_column][\/vc_row]<\/p>\n","protected":false},"excerpt":{"rendered":"<p>[vc_row css_animation=\u00bb\u00bb row_type=\u00bbrow\u00bb use_row_as_full_screen_section=\u00bbno\u00bb type=\u00bbgrid\u00bb angled_section=\u00bbno\u00bb text_align=\u00bbleft\u00bb background_image_as_pattern=\u00bbwithout_pattern\u00bb background_image=\u00bb2194&#8243; padding_top=\u00bb170&#8243; padding_bottom=\u00bb80&#8243;][vc_column css=\u00bb.vc_custom_1634250728724{padding-top: 0px !important;padding-right: 0px !important;padding-bottom: 0px !important;padding-left: 0px !important;}\u00bb][vc_column_text] Sobre [\/vc_column_text][vc_separator type=\u00bbtransparent\u00bb up=\u00bb15&#8243; down=\u00bb0&#8243;][vc_column_text] Blues at Moonlight [\/vc_column_text][vc_column_text] Por El Dandy Festivals [\/vc_column_text][vc_separator type=\u00bbtransparent\u00bb up=\u00bb50&#8243; down=\u00bb0&#8243;][vc_row_inner row_type=\u00bbrow\u00bb type=\u00bbfull_width\u00bb text_align=\u00bbleft\u00bb css_animation=\u00bb\u00bb background_color=\u00bbrgba(10,10,10,0.63)\u00bb padding_top=\u00bb45&#8243; padding_bottom=\u00bb20&#8243; el_id=\u00bbhorario\u00bb][vc_column_inner&#8230;<\/p>\n","protected":false},"author":1,"featured_media":2755,"parent":0,"menu_order":0,"comment_status":"closed","ping_status":"closed","template":"full_width.php","meta":{"footnotes":""},"class_list":["post-148","page","type-page","status-publish","has-post-thumbnail","hentry"],"yoast_head":"<!-- This site is optimized with the Yoast SEO plugin v24.8.1 - https:\/\/yoast.com\/wordpress\/plugins\/seo\/ -->\n<title>Sobre los Conciertos - Blues at Moonlight<\/title>\n<meta name=\"robots\" content=\"index, follow, max-snippet:-1, max-image-preview:large, max-video-preview:-1\" \/>\n<link rel=\"canonical\" href=\"https:\/\/bluesatmoonlight.com\/es\/about\/\" \/>\n<meta property=\"og:locale\" content=\"es_ES\" \/>\n<meta property=\"og:type\" content=\"article\" \/>\n<meta property=\"og:title\" content=\"Sobre los Conciertos - Blues at Moonlight\" \/>\n<meta property=\"og:description\" content=\"[vc_row css_animation=\u00bb\u00bb row_type=\u00bbrow\u00bb use_row_as_full_screen_section=\u00bbno\u00bb type=\u00bbgrid\u00bb angled_section=\u00bbno\u00bb text_align=\u00bbleft\u00bb background_image_as_pattern=\u00bbwithout_pattern\u00bb background_image=\u00bb2194&#8243; padding_top=\u00bb170&#8243; padding_bottom=\u00bb80&#8243;][vc_column css=\u00bb.vc_custom_1634250728724{padding-top: 0px !important;padding-right: 0px !important;padding-bottom: 0px !important;padding-left: 0px !important;}\u00bb][vc_column_text] Sobre [\/vc_column_text][vc_separator type=\u00bbtransparent\u00bb up=\u00bb15&#8243; down=\u00bb0&#8243;][vc_column_text] Blues at Moonlight [\/vc_column_text][vc_column_text] Por El Dandy Festivals [\/vc_column_text][vc_separator type=\u00bbtransparent\u00bb up=\u00bb50&#8243; down=\u00bb0&#8243;][vc_row_inner row_type=\u00bbrow\u00bb type=\u00bbfull_width\u00bb text_align=\u00bbleft\u00bb css_animation=\u00bb\u00bb background_color=\u00bbrgba(10,10,10,0.63)\u00bb padding_top=\u00bb45&#8243; padding_bottom=\u00bb20&#8243; el_id=\u00bbhorario\u00bb][vc_column_inner...\" \/>\n<meta property=\"og:url\" content=\"https:\/\/bluesatmoonlight.com\/es\/about\/\" \/>\n<meta property=\"og:site_name\" content=\"Blues at Moonlight\" \/>\n<meta property=\"article:modified_time\" content=\"2025-10-14T11:42:55+00:00\" \/>\n<meta property=\"og:image\" content=\"https:\/\/bluesatmoonlight.com\/wp-content\/uploads\/2025\/10\/WhatsApp-Image-2025-09-17-at-09.45.05.jpeg\" \/>\n\t<meta property=\"og:image:width\" content=\"2560\" \/>\n\t<meta property=\"og:image:height\" content=\"2184\" \/>\n\t<meta property=\"og:image:type\" content=\"image\/jpeg\" \/>\n<meta name=\"twitter:card\" content=\"summary_large_image\" \/>\n<meta name=\"twitter:label1\" content=\"Tiempo de lectura\" \/>\n\t<meta name=\"twitter:data1\" content=\"6 minutos\" \/>\n<script type=\"application\/ld+json\" class=\"yoast-schema-graph\">{\"@context\":\"https:\/\/schema.org\",\"@graph\":[{\"@type\":\"WebPage\",\"@id\":\"https:\/\/bluesatmoonlight.com\/es\/about\/\",\"url\":\"https:\/\/bluesatmoonlight.com\/es\/about\/\",\"name\":\"Sobre los Conciertos - Blues at Moonlight\",\"isPartOf\":{\"@id\":\"https:\/\/bluesatmoonlight.com\/es\/#website\"},\"primaryImageOfPage\":{\"@id\":\"https:\/\/bluesatmoonlight.com\/es\/about\/#primaryimage\"},\"image\":{\"@id\":\"https:\/\/bluesatmoonlight.com\/about\/#primaryimage\"},\"thumbnailUrl\":\"https:\/\/bluesatmoonlight.com\/wp-content\/uploads\/2025\/10\/WhatsApp-Image-2025-09-17-at-09.45.05.jpeg\",\"datePublished\":\"2016-02-22T15:30:41+00:00\",\"dateModified\":\"2025-10-14T11:42:55+00:00\",\"breadcrumb\":{\"@id\":\"https:\/\/bluesatmoonlight.com\/es\/about\/#breadcrumb\"},\"inLanguage\":\"es\",\"potentialAction\":[{\"@type\":\"ReadAction\",\"target\":[[\"https:\/\/bluesatmoonlight.com\/es\/about\/\"]]}]},{\"@type\":\"ImageObject\",\"inLanguage\":\"es\",\"@id\":\"https:\/\/bluesatmoonlight.com\/es\/about\/#primaryimage\",\"url\":\"https:\/\/bluesatmoonlight.com\/wp-content\/uploads\/2025\/10\/WhatsApp-Image-2025-09-17-at-09.45.05.jpeg\",\"contentUrl\":\"https:\/\/bluesatmoonlight.com\/wp-content\/uploads\/2025\/10\/WhatsApp-Image-2025-09-17-at-09.45.05.jpeg\",\"width\":2560,\"height\":2184},{\"@type\":\"BreadcrumbList\",\"@id\":\"https:\/\/bluesatmoonlight.com\/es\/about\/#breadcrumb\",\"itemListElement\":[{\"@type\":\"ListItem\",\"position\":1,\"name\":\"Home\",\"item\":\"https:\/\/bluesatmoonlight.com\/es\/\"},{\"@type\":\"ListItem\",\"position\":2,\"name\":\"About the Concerts\"}]},{\"@type\":\"WebSite\",\"@id\":\"https:\/\/bluesatmoonlight.com\/es\/#website\",\"url\":\"https:\/\/bluesatmoonlight.com\/es\/\",\"name\":\"Blues at Moonlight\",\"description\":\"Rockabilly and American Roots Music Vintage Festival\",\"publisher\":{\"@id\":\"https:\/\/bluesatmoonlight.com\/es\/#organization\"},\"potentialAction\":[{\"@type\":\"SearchAction\",\"target\":{\"@type\":\"EntryPoint\",\"urlTemplate\":\"https:\/\/bluesatmoonlight.com\/es\/?s={search_term_string}\"},\"query-input\":{\"@type\":\"PropertyValueSpecification\",\"valueRequired\":true,\"valueName\":\"search_term_string\"}}],\"inLanguage\":\"es\"},{\"@type\":\"Organization\",\"@id\":\"https:\/\/bluesatmoonlight.com\/es\/#organization\",\"name\":\"Blues at Moonlight\",\"url\":\"https:\/\/bluesatmoonlight.com\/es\/\",\"logo\":{\"@type\":\"ImageObject\",\"inLanguage\":\"es\",\"@id\":\"https:\/\/bluesatmoonlight.com\/es\/#\/schema\/logo\/image\/\",\"url\":\"https:\/\/bluesatmoonlight.com\/wp-content\/uploads\/2019\/05\/FB_Banner.jpg\",\"contentUrl\":\"https:\/\/bluesatmoonlight.com\/wp-content\/uploads\/2019\/05\/FB_Banner.jpg\",\"width\":2763,\"height\":1029,\"caption\":\"Blues at Moonlight\"},\"image\":{\"@id\":\"https:\/\/bluesatmoonlight.com\/es\/#\/schema\/logo\/image\/\"}}]}<\/script>\n<!-- \/ Yoast SEO plugin. -->","yoast_head_json":{"title":"Sobre los Conciertos - Blues at Moonlight","robots":{"index":"index","follow":"follow","max-snippet":"max-snippet:-1","max-image-preview":"max-image-preview:large","max-video-preview":"max-video-preview:-1"},"canonical":"https:\/\/bluesatmoonlight.com\/es\/about\/","og_locale":"es_ES","og_type":"article","og_title":"Sobre los Conciertos - Blues at Moonlight","og_description":"[vc_row css_animation=\u00bb\u00bb row_type=\u00bbrow\u00bb use_row_as_full_screen_section=\u00bbno\u00bb type=\u00bbgrid\u00bb angled_section=\u00bbno\u00bb text_align=\u00bbleft\u00bb background_image_as_pattern=\u00bbwithout_pattern\u00bb background_image=\u00bb2194&#8243; padding_top=\u00bb170&#8243; padding_bottom=\u00bb80&#8243;][vc_column css=\u00bb.vc_custom_1634250728724{padding-top: 0px !important;padding-right: 0px !important;padding-bottom: 0px !important;padding-left: 0px !important;}\u00bb][vc_column_text] Sobre [\/vc_column_text][vc_separator type=\u00bbtransparent\u00bb up=\u00bb15&#8243; down=\u00bb0&#8243;][vc_column_text] Blues at Moonlight [\/vc_column_text][vc_column_text] Por El Dandy Festivals [\/vc_column_text][vc_separator type=\u00bbtransparent\u00bb up=\u00bb50&#8243; down=\u00bb0&#8243;][vc_row_inner row_type=\u00bbrow\u00bb type=\u00bbfull_width\u00bb text_align=\u00bbleft\u00bb css_animation=\u00bb\u00bb background_color=\u00bbrgba(10,10,10,0.63)\u00bb padding_top=\u00bb45&#8243; padding_bottom=\u00bb20&#8243; el_id=\u00bbhorario\u00bb][vc_column_inner...","og_url":"https:\/\/bluesatmoonlight.com\/es\/about\/","og_site_name":"Blues at Moonlight","article_modified_time":"2025-10-14T11:42:55+00:00","og_image":[{"width":2560,"height":2184,"url":"https:\/\/bluesatmoonlight.com\/wp-content\/uploads\/2025\/10\/WhatsApp-Image-2025-09-17-at-09.45.05.jpeg","type":"image\/jpeg"}],"twitter_card":"summary_large_image","twitter_misc":{"Tiempo de lectura":"6 minutos"},"schema":{"@context":"https:\/\/schema.org","@graph":[{"@type":"WebPage","@id":"https:\/\/bluesatmoonlight.com\/es\/about\/","url":"https:\/\/bluesatmoonlight.com\/es\/about\/","name":"Sobre los Conciertos - Blues at Moonlight","isPartOf":{"@id":"https:\/\/bluesatmoonlight.com\/es\/#website"},"primaryImageOfPage":{"@id":"https:\/\/bluesatmoonlight.com\/es\/about\/#primaryimage"},"image":{"@id":"https:\/\/bluesatmoonlight.com\/about\/#primaryimage"},"thumbnailUrl":"https:\/\/bluesatmoonlight.com\/wp-content\/uploads\/2025\/10\/WhatsApp-Image-2025-09-17-at-09.45.05.jpeg","datePublished":"2016-02-22T15:30:41+00:00","dateModified":"2025-10-14T11:42:55+00:00","breadcrumb":{"@id":"https:\/\/bluesatmoonlight.com\/es\/about\/#breadcrumb"},"inLanguage":"es","potentialAction":[{"@type":"ReadAction","target":[["https:\/\/bluesatmoonlight.com\/es\/about\/"]]}]},{"@type":"ImageObject","inLanguage":"es","@id":"https:\/\/bluesatmoonlight.com\/es\/about\/#primaryimage","url":"https:\/\/bluesatmoonlight.com\/wp-content\/uploads\/2025\/10\/WhatsApp-Image-2025-09-17-at-09.45.05.jpeg","contentUrl":"https:\/\/bluesatmoonlight.com\/wp-content\/uploads\/2025\/10\/WhatsApp-Image-2025-09-17-at-09.45.05.jpeg","width":2560,"height":2184},{"@type":"BreadcrumbList","@id":"https:\/\/bluesatmoonlight.com\/es\/about\/#breadcrumb","itemListElement":[{"@type":"ListItem","position":1,"name":"Home","item":"https:\/\/bluesatmoonlight.com\/es\/"},{"@type":"ListItem","position":2,"name":"About the Concerts"}]},{"@type":"WebSite","@id":"https:\/\/bluesatmoonlight.com\/es\/#website","url":"https:\/\/bluesatmoonlight.com\/es\/","name":"Blues at Moonlight","description":"Rockabilly and American Roots Music Vintage Festival","publisher":{"@id":"https:\/\/bluesatmoonlight.com\/es\/#organization"},"potentialAction":[{"@type":"SearchAction","target":{"@type":"EntryPoint","urlTemplate":"https:\/\/bluesatmoonlight.com\/es\/?s={search_term_string}"},"query-input":{"@type":"PropertyValueSpecification","valueRequired":true,"valueName":"search_term_string"}}],"inLanguage":"es"},{"@type":"Organization","@id":"https:\/\/bluesatmoonlight.com\/es\/#organization","name":"Blues at Moonlight","url":"https:\/\/bluesatmoonlight.com\/es\/","logo":{"@type":"ImageObject","inLanguage":"es","@id":"https:\/\/bluesatmoonlight.com\/es\/#\/schema\/logo\/image\/","url":"https:\/\/bluesatmoonlight.com\/wp-content\/uploads\/2019\/05\/FB_Banner.jpg","contentUrl":"https:\/\/bluesatmoonlight.com\/wp-content\/uploads\/2019\/05\/FB_Banner.jpg","width":2763,"height":1029,"caption":"Blues at Moonlight"},"image":{"@id":"https:\/\/bluesatmoonlight.com\/es\/#\/schema\/logo\/image\/"}}]}},"_links":{"self":[{"href":"https:\/\/bluesatmoonlight.com\/es\/wp-json\/wp\/v2\/pages\/148","targetHints":{"allow":["GET"]}}],"collection":[{"href":"https:\/\/bluesatmoonlight.com\/es\/wp-json\/wp\/v2\/pages"}],"about":[{"href":"https:\/\/bluesatmoonlight.com\/es\/wp-json\/wp\/v2\/types\/page"}],"author":[{"embeddable":true,"href":"https:\/\/bluesatmoonlight.com\/es\/wp-json\/wp\/v2\/users\/1"}],"replies":[{"embeddable":true,"href":"https:\/\/bluesatmoonlight.com\/es\/wp-json\/wp\/v2\/comments?post=148"}],"version-history":[{"count":190,"href":"https:\/\/bluesatmoonlight.com\/es\/wp-json\/wp\/v2\/pages\/148\/revisions"}],"predecessor-version":[{"id":2766,"href":"https:\/\/bluesatmoonlight.com\/es\/wp-json\/wp\/v2\/pages\/148\/revisions\/2766"}],"wp:featuredmedia":[{"embeddable":true,"href":"https:\/\/bluesatmoonlight.com\/es\/wp-json\/wp\/v2\/media\/2755"}],"wp:attachment":[{"href":"https:\/\/bluesatmoonlight.com\/es\/wp-json\/wp\/v2\/media?parent=148"}],"curies":[{"name":"wp","href":"https:\/\/api.w.org\/{rel}","templated":true}]}}