{"id":2204,"date":"2023-04-13T11:32:25","date_gmt":"2023-04-13T09:32:25","guid":{"rendered":"https:\/\/bluesatmoonlight.com\/?page_id=2204"},"modified":"2025-04-09T14:55:47","modified_gmt":"2025-04-09T12:55:47","slug":"about-el-dandy-music","status":"publish","type":"page","link":"https:\/\/bluesatmoonlight.com\/es\/about-el-dandy-music\/","title":{"rendered":"Sobre El Dandy Music"},"content":{"rendered":"<p>[vc_row css_animation=\u00bb\u00bb row_type=\u00bbrow\u00bb use_row_as_full_screen_section=\u00bbno\u00bb type=\u00bbgrid\u00bb angled_section=\u00bbno\u00bb text_align=\u00bbleft\u00bb background_image_as_pattern=\u00bbwithout_pattern\u00bb padding_top=\u00bb87&#8243; padding_bottom=\u00bb23&#8243; css=\u00bb.vc_custom_1681387910663{padding-top: 80px !important;}\u00bb][vc_column css=\u00bb.vc_custom_1744203329840{padding-top: 80px !important;}\u00bb][vc_column_text]<\/p>\n<h2 style=\"text-align: center;\"><span style=\"color: #ffffff;\">Somos El Dandy Music<\/span><\/h2>\n<p>[\/vc_column_text][vc_separator type=\u00bbsmall\u00bb position=\u00bbcenter\u00bb up=\u00bb7&#8243; down=\u00bb37&#8243;][vc_column_text]<\/p>\n<h5 style=\"text-align: center;\"><span style=\"color: #ffffff;\">Somos un grupo de empresas movidas por la pasi\u00f3n por la m\u00fasica. Aglutinamos una variedad de servicios que se puedan necesitar tanto a nivel creativo como t\u00e9cnico. Contamos con a\u00f1os de experiencia aunque nunca dejamos de aprender, creemos en lo aut\u00e9ntico y original.<\/span><\/h5>\n<p>[\/vc_column_text][vc_separator type=\u00bbtransparent\u00bb up=\u00bb57&#8243; down=\u00bb0&#8243;][vc_single_image image=\u00bb2205&#8243; img_size=\u00bbfull\u00bb alignment=\u00bbcenter\u00bb qode_css_animation=\u00bb\u00bb][\/vc_column][\/vc_row][vc_row css_animation=\u00bb\u00bb row_type=\u00bbrow\u00bb use_row_as_full_screen_section=\u00bbno\u00bb type=\u00bbgrid\u00bb angled_section=\u00bbno\u00bb text_align=\u00bbleft\u00bb background_image_as_pattern=\u00bbwithout_pattern\u00bb anchor=\u00bbportfolio\u00bb background_color=\u00bb#ffffff\u00bb padding_top=\u00bb95&#8243; padding_bottom=\u00bb0&#8243;][vc_column width=\u00bb1\/2&#8243;][vc_separator type=\u00bbtransparent\u00bb up=\u00bb10&#8243; down=\u00bb0&#8243;][vc_single_image image=\u00bb2209&#8243; img_size=\u00bbfull\u00bb alignment=\u00bbcenter\u00bb qode_css_animation=\u00bbelement_from_left\u00bb transition_delay=\u00bb0.2&#8243;][vc_separator type=\u00bbtransparent\u00bb up=\u00bb100&#8243; down=\u00bb0&#8243;][\/vc_column][vc_column width=\u00bb1\/2&#8243; css=\u00bb.vc_custom_1681300947834{margin-top: 30px !important;}\u00bb][vc_column_text]<\/p>\n<h2 style=\"text-align: left;\"><span style=\"color: #ff0000;\">01<\/span> ActivPro<\/h2>\n<p>[\/vc_column_text][vc_separator type=\u00bbtransparent\u00bb up=\u00bb13&#8243; down=\u00bb8&#8243;][vc_column_text]Empresa de sonido profesional fundada en 2006 con sede en Marbella y clientes a lo largo de la Costa del Sol. Venta, instalaci\u00f3n y alquiler de sistemas de sonido profesional, iluminaci\u00f3n y audiovisual para espect\u00e1culos y eventos.[\/vc_column_text][vc_separator type=\u00bbtransparent\u00bb up=\u00bb35&#8243; down=\u00bb0&#8243;]<a  itemprop=\"url\" href=\"https:\/\/activpro.es\/\" target=\"_blank\"  class=\"qbutton  white default\" style=\"\">Ver M\u00e1s<\/a>[\/vc_column][\/vc_row][vc_row css_animation=\u00bb\u00bb row_type=\u00bbrow\u00bb use_row_as_full_screen_section=\u00bbno\u00bb type=\u00bbgrid\u00bb angled_section=\u00bbno\u00bb text_align=\u00bbleft\u00bb background_image_as_pattern=\u00bbwithout_pattern\u00bb anchor=\u00bbportfolio\u00bb background_color=\u00bb#f7f7f7&#8243; padding_top=\u00bb95&#8243; padding_bottom=\u00bb0&#8243;][vc_column width=\u00bb1\/2&#8243; css=\u00bb.vc_custom_1681301002603{margin-top: 30px !important;}\u00bb][vc_column_text]<\/p>\n<h2 style=\"text-align: left;\"><span style=\"color: #ff0000;\">02<\/span> El Dandy Records<\/h2>\n<p>[\/vc_column_text][vc_separator type=\u00bbtransparent\u00bb up=\u00bb13&#8243; down=\u00bb8&#8243;][vc_column_text]<\/p>\n<p class=\"p1\">Sello discogr\u00e1fico independiente nacido en Marbella en 2021 como anexo a las actividades desarrolladas por Miguel Corch\u00f3n en torno a su pasi\u00f3n por la m\u00fasica, el sonido profesional y los eventos, que viene desarrollando desde su adolescencia como DJ y emprendedor en el sector.<\/p>\n<p>[\/vc_column_text][vc_separator type=\u00bbtransparent\u00bb up=\u00bb35&#8243; down=\u00bb0&#8243;]<a  itemprop=\"url\" href=\"https:\/\/eldandyrecords.com\/\" target=\"_blank\"  class=\"qbutton  white default\" style=\"\">Ver M\u00e1s<\/a>[\/vc_column][vc_column width=\u00bb1\/2&#8243;][vc_separator type=\u00bbtransparent\u00bb up=\u00bb10&#8243; down=\u00bb0&#8243;][vc_single_image image=\u00bb2208&#8243; img_size=\u00bbfull\u00bb alignment=\u00bbcenter\u00bb qode_css_animation=\u00bbelement_from_right\u00bb transition_delay=\u00bb0.4&#8243;][vc_separator type=\u00bbtransparent\u00bb up=\u00bb100&#8243; down=\u00bb0&#8243;][\/vc_column][\/vc_row][vc_row css_animation=\u00bb\u00bb row_type=\u00bbrow\u00bb use_row_as_full_screen_section=\u00bbno\u00bb type=\u00bbgrid\u00bb angled_section=\u00bbno\u00bb text_align=\u00bbleft\u00bb background_image_as_pattern=\u00bbwithout_pattern\u00bb anchor=\u00bbportfolio\u00bb background_color=\u00bb#ffffff\u00bb padding_top=\u00bb95&#8243; padding_bottom=\u00bb0&#8243;][vc_column width=\u00bb1\/2&#8243;][vc_separator type=\u00bbtransparent\u00bb up=\u00bb10&#8243; down=\u00bb0&#8243;][vc_single_image image=\u00bb2207&#8243; img_size=\u00bbfull\u00bb alignment=\u00bbcenter\u00bb qode_css_animation=\u00bbelement_from_right\u00bb transition_delay=\u00bb0.4&#8243;][vc_separator type=\u00bbtransparent\u00bb up=\u00bb100&#8243; down=\u00bb0&#8243;][\/vc_column][vc_column width=\u00bb1\/2&#8243; css=\u00bb.vc_custom_1681301206264{margin-top: 150px !important;}\u00bb][vc_column_text]<\/p>\n<h2 style=\"text-align: left;\"><span style=\"color: #ff0000;\">03<\/span> El Dandy Festivals<\/h2>\n<p>[\/vc_column_text][vc_separator type=\u00bbtransparent\u00bb up=\u00bb13&#8243; down=\u00bb8&#8243;][vc_column_text]<\/p>\n<p class=\"p1\">El Dandy Festivals aglutina desde peque\u00f1os conciertos o todo tipo de eventos a festivales internacionales o cualquier iniciativa socio cultural de los artistas y colaboradores de El Dandy Music. Contacte con nosotros o h\u00e1ganos saber su propuesta.<\/p>\n<p>[\/vc_column_text][vc_separator type=\u00bbtransparent\u00bb up=\u00bb35&#8243; down=\u00bb0&#8243;]<a  itemprop=\"url\" href=\"https:\/\/bluesatmoonlight.com\/\" target=\"_blank\"  class=\"qbutton  white default\" style=\"\">Ver M\u00e1s<\/a>[\/vc_column][\/vc_row][vc_row css_animation=\u00bb\u00bb row_type=\u00bbrow\u00bb use_row_as_full_screen_section=\u00bbno\u00bb type=\u00bbgrid\u00bb angled_section=\u00bbno\u00bb text_align=\u00bbleft\u00bb background_image_as_pattern=\u00bbwithout_pattern\u00bb anchor=\u00bbportfolio\u00bb background_color=\u00bb#f7f7f7&#8243; padding_top=\u00bb95&#8243; padding_bottom=\u00bb0&#8243;][vc_column width=\u00bb1\/2&#8243; css=\u00bb.vc_custom_1681301232924{margin-top: 30px !important;}\u00bb][vc_column_text]<\/p>\n<h2 style=\"text-align: left;\"><span style=\"color: #ff0000;\">04<\/span>\u00a0Blues At Moonlight<\/h2>\n<p>[\/vc_column_text][vc_separator type=\u00bbtransparent\u00bb up=\u00bb13&#8243; down=\u00bb8&#8243;][vc_column_text]Rock \u2018n\u2019 Roll en el coraz\u00f3n de la Costa del Sol, festival internacional donde el sonido y la calidad musical son los protagonistas. Un festival para el disfrute de un publico selecto, inspirador de muchos otros y un referente musical forjado a lo largo de su trayectoria. Todo ello buscando siempre un ambiente agradable y sin agobios. Rock and Roll is here to stay![\/vc_column_text][vc_separator type=\u00bbtransparent\u00bb up=\u00bb35&#8243; down=\u00bb0&#8243;]<a  itemprop=\"url\" href=\"https:\/\/bluesatmoonlight.com\/\" target=\"_blank\"  class=\"qbutton  white default\" style=\"\">Ver M\u00e1s<\/a>[\/vc_column][vc_column width=\u00bb1\/2&#8243;][vc_separator type=\u00bbtransparent\u00bb up=\u00bb10&#8243; down=\u00bb0&#8243;][vc_single_image image=\u00bb2206&#8243; img_size=\u00bbfull\u00bb alignment=\u00bbcenter\u00bb qode_css_animation=\u00bbelement_from_left\u00bb transition_delay=\u00bb0.2&#8243;][vc_separator type=\u00bbtransparent\u00bb up=\u00bb100&#8243; down=\u00bb0&#8243;][\/vc_column][\/vc_row]<\/p>\n","protected":false},"excerpt":{"rendered":"<p>[vc_row css_animation=\u00bb\u00bb row_type=\u00bbrow\u00bb use_row_as_full_screen_section=\u00bbno\u00bb type=\u00bbgrid\u00bb angled_section=\u00bbno\u00bb text_align=\u00bbleft\u00bb background_image_as_pattern=\u00bbwithout_pattern\u00bb padding_top=\u00bb87&#8243; padding_bottom=\u00bb23&#8243; css=\u00bb.vc_custom_1681387910663{padding-top: 80px !important;}\u00bb][vc_column css=\u00bb.vc_custom_1744203329840{padding-top: 80px !important;}\u00bb][vc_column_text] Somos El Dandy Music [\/vc_column_text][vc_separator type=\u00bbsmall\u00bb position=\u00bbcenter\u00bb up=\u00bb7&#8243; down=\u00bb37&#8243;][vc_column_text] Somos un grupo de empresas movidas por la pasi\u00f3n por la m\u00fasica. Aglutinamos una variedad de servicios que se puedan&#8230;<\/p>\n","protected":false},"author":1,"featured_media":0,"parent":0,"menu_order":0,"comment_status":"closed","ping_status":"closed","template":"full_width.php","meta":{"footnotes":""},"class_list":["post-2204","page","type-page","status-publish","hentry"],"yoast_head":"<!-- This site is optimized with the Yoast SEO plugin v24.8.1 - https:\/\/yoast.com\/wordpress\/plugins\/seo\/ -->\n<title>Sobre El Dandy Music - Blues at Moonlight<\/title>\n<meta name=\"robots\" content=\"index, follow, max-snippet:-1, max-image-preview:large, max-video-preview:-1\" \/>\n<link rel=\"canonical\" href=\"https:\/\/bluesatmoonlight.com\/es\/about-el-dandy-music\/\" \/>\n<meta property=\"og:locale\" content=\"es_ES\" \/>\n<meta property=\"og:type\" content=\"article\" \/>\n<meta property=\"og:title\" content=\"Sobre El Dandy Music - Blues at Moonlight\" \/>\n<meta property=\"og:description\" content=\"[vc_row css_animation=\u00bb\u00bb row_type=\u00bbrow\u00bb use_row_as_full_screen_section=\u00bbno\u00bb type=\u00bbgrid\u00bb angled_section=\u00bbno\u00bb text_align=\u00bbleft\u00bb background_image_as_pattern=\u00bbwithout_pattern\u00bb padding_top=\u00bb87&#8243; padding_bottom=\u00bb23&#8243; css=\u00bb.vc_custom_1681387910663{padding-top: 80px !important;}\u00bb][vc_column css=\u00bb.vc_custom_1744203329840{padding-top: 80px !important;}\u00bb][vc_column_text] Somos El Dandy Music [\/vc_column_text][vc_separator type=\u00bbsmall\u00bb position=\u00bbcenter\u00bb up=\u00bb7&#8243; down=\u00bb37&#8243;][vc_column_text] Somos un grupo de empresas movidas por la pasi\u00f3n por la m\u00fasica. Aglutinamos una variedad de servicios que se puedan...\" \/>\n<meta property=\"og:url\" content=\"https:\/\/bluesatmoonlight.com\/es\/about-el-dandy-music\/\" \/>\n<meta property=\"og:site_name\" content=\"Blues at Moonlight\" \/>\n<meta property=\"article:modified_time\" content=\"2025-04-09T12:55:47+00:00\" \/>\n<meta name=\"twitter:card\" content=\"summary_large_image\" \/>\n<meta name=\"twitter:label1\" content=\"Tiempo de lectura\" \/>\n\t<meta name=\"twitter:data1\" content=\"6 minutos\" \/>\n<script type=\"application\/ld+json\" class=\"yoast-schema-graph\">{\"@context\":\"https:\/\/schema.org\",\"@graph\":[{\"@type\":\"WebPage\",\"@id\":\"https:\/\/bluesatmoonlight.com\/es\/about-el-dandy-music\/\",\"url\":\"https:\/\/bluesatmoonlight.com\/es\/about-el-dandy-music\/\",\"name\":\"Sobre El Dandy Music - Blues at Moonlight\",\"isPartOf\":{\"@id\":\"https:\/\/bluesatmoonlight.com\/es\/#website\"},\"datePublished\":\"2023-04-13T09:32:25+00:00\",\"dateModified\":\"2025-04-09T12:55:47+00:00\",\"breadcrumb\":{\"@id\":\"https:\/\/bluesatmoonlight.com\/es\/about-el-dandy-music\/#breadcrumb\"},\"inLanguage\":\"es\",\"potentialAction\":[{\"@type\":\"ReadAction\",\"target\":[[\"https:\/\/bluesatmoonlight.com\/es\/about-el-dandy-music\/\"]]}]},{\"@type\":\"BreadcrumbList\",\"@id\":\"https:\/\/bluesatmoonlight.com\/es\/about-el-dandy-music\/#breadcrumb\",\"itemListElement\":[{\"@type\":\"ListItem\",\"position\":1,\"name\":\"Home\",\"item\":\"https:\/\/bluesatmoonlight.com\/es\/\"},{\"@type\":\"ListItem\",\"position\":2,\"name\":\"About El Dandy Music\"}]},{\"@type\":\"WebSite\",\"@id\":\"https:\/\/bluesatmoonlight.com\/es\/#website\",\"url\":\"https:\/\/bluesatmoonlight.com\/es\/\",\"name\":\"Blues at Moonlight\",\"description\":\"Rockabilly and American Roots Music Vintage Festival\",\"publisher\":{\"@id\":\"https:\/\/bluesatmoonlight.com\/es\/#organization\"},\"potentialAction\":[{\"@type\":\"SearchAction\",\"target\":{\"@type\":\"EntryPoint\",\"urlTemplate\":\"https:\/\/bluesatmoonlight.com\/es\/?s={search_term_string}\"},\"query-input\":{\"@type\":\"PropertyValueSpecification\",\"valueRequired\":true,\"valueName\":\"search_term_string\"}}],\"inLanguage\":\"es\"},{\"@type\":\"Organization\",\"@id\":\"https:\/\/bluesatmoonlight.com\/es\/#organization\",\"name\":\"Blues at Moonlight\",\"url\":\"https:\/\/bluesatmoonlight.com\/es\/\",\"logo\":{\"@type\":\"ImageObject\",\"inLanguage\":\"es\",\"@id\":\"https:\/\/bluesatmoonlight.com\/es\/#\/schema\/logo\/image\/\",\"url\":\"https:\/\/bluesatmoonlight.com\/wp-content\/uploads\/2019\/05\/FB_Banner.jpg\",\"contentUrl\":\"https:\/\/bluesatmoonlight.com\/wp-content\/uploads\/2019\/05\/FB_Banner.jpg\",\"width\":2763,\"height\":1029,\"caption\":\"Blues at Moonlight\"},\"image\":{\"@id\":\"https:\/\/bluesatmoonlight.com\/es\/#\/schema\/logo\/image\/\"}}]}<\/script>\n<!-- \/ Yoast SEO plugin. -->","yoast_head_json":{"title":"Sobre El Dandy Music - Blues at Moonlight","robots":{"index":"index","follow":"follow","max-snippet":"max-snippet:-1","max-image-preview":"max-image-preview:large","max-video-preview":"max-video-preview:-1"},"canonical":"https:\/\/bluesatmoonlight.com\/es\/about-el-dandy-music\/","og_locale":"es_ES","og_type":"article","og_title":"Sobre El Dandy Music - Blues at Moonlight","og_description":"[vc_row css_animation=\u00bb\u00bb row_type=\u00bbrow\u00bb use_row_as_full_screen_section=\u00bbno\u00bb type=\u00bbgrid\u00bb angled_section=\u00bbno\u00bb text_align=\u00bbleft\u00bb background_image_as_pattern=\u00bbwithout_pattern\u00bb padding_top=\u00bb87&#8243; padding_bottom=\u00bb23&#8243; css=\u00bb.vc_custom_1681387910663{padding-top: 80px !important;}\u00bb][vc_column css=\u00bb.vc_custom_1744203329840{padding-top: 80px !important;}\u00bb][vc_column_text] Somos El Dandy Music [\/vc_column_text][vc_separator type=\u00bbsmall\u00bb position=\u00bbcenter\u00bb up=\u00bb7&#8243; down=\u00bb37&#8243;][vc_column_text] Somos un grupo de empresas movidas por la pasi\u00f3n por la m\u00fasica. Aglutinamos una variedad de servicios que se puedan...","og_url":"https:\/\/bluesatmoonlight.com\/es\/about-el-dandy-music\/","og_site_name":"Blues at Moonlight","article_modified_time":"2025-04-09T12:55:47+00:00","twitter_card":"summary_large_image","twitter_misc":{"Tiempo de lectura":"6 minutos"},"schema":{"@context":"https:\/\/schema.org","@graph":[{"@type":"WebPage","@id":"https:\/\/bluesatmoonlight.com\/es\/about-el-dandy-music\/","url":"https:\/\/bluesatmoonlight.com\/es\/about-el-dandy-music\/","name":"Sobre El Dandy Music - Blues at Moonlight","isPartOf":{"@id":"https:\/\/bluesatmoonlight.com\/es\/#website"},"datePublished":"2023-04-13T09:32:25+00:00","dateModified":"2025-04-09T12:55:47+00:00","breadcrumb":{"@id":"https:\/\/bluesatmoonlight.com\/es\/about-el-dandy-music\/#breadcrumb"},"inLanguage":"es","potentialAction":[{"@type":"ReadAction","target":[["https:\/\/bluesatmoonlight.com\/es\/about-el-dandy-music\/"]]}]},{"@type":"BreadcrumbList","@id":"https:\/\/bluesatmoonlight.com\/es\/about-el-dandy-music\/#breadcrumb","itemListElement":[{"@type":"ListItem","position":1,"name":"Home","item":"https:\/\/bluesatmoonlight.com\/es\/"},{"@type":"ListItem","position":2,"name":"About El Dandy Music"}]},{"@type":"WebSite","@id":"https:\/\/bluesatmoonlight.com\/es\/#website","url":"https:\/\/bluesatmoonlight.com\/es\/","name":"Blues at Moonlight","description":"Rockabilly and American Roots Music Vintage Festival","publisher":{"@id":"https:\/\/bluesatmoonlight.com\/es\/#organization"},"potentialAction":[{"@type":"SearchAction","target":{"@type":"EntryPoint","urlTemplate":"https:\/\/bluesatmoonlight.com\/es\/?s={search_term_string}"},"query-input":{"@type":"PropertyValueSpecification","valueRequired":true,"valueName":"search_term_string"}}],"inLanguage":"es"},{"@type":"Organization","@id":"https:\/\/bluesatmoonlight.com\/es\/#organization","name":"Blues at Moonlight","url":"https:\/\/bluesatmoonlight.com\/es\/","logo":{"@type":"ImageObject","inLanguage":"es","@id":"https:\/\/bluesatmoonlight.com\/es\/#\/schema\/logo\/image\/","url":"https:\/\/bluesatmoonlight.com\/wp-content\/uploads\/2019\/05\/FB_Banner.jpg","contentUrl":"https:\/\/bluesatmoonlight.com\/wp-content\/uploads\/2019\/05\/FB_Banner.jpg","width":2763,"height":1029,"caption":"Blues at Moonlight"},"image":{"@id":"https:\/\/bluesatmoonlight.com\/es\/#\/schema\/logo\/image\/"}}]}},"_links":{"self":[{"href":"https:\/\/bluesatmoonlight.com\/es\/wp-json\/wp\/v2\/pages\/2204","targetHints":{"allow":["GET"]}}],"collection":[{"href":"https:\/\/bluesatmoonlight.com\/es\/wp-json\/wp\/v2\/pages"}],"about":[{"href":"https:\/\/bluesatmoonlight.com\/es\/wp-json\/wp\/v2\/types\/page"}],"author":[{"embeddable":true,"href":"https:\/\/bluesatmoonlight.com\/es\/wp-json\/wp\/v2\/users\/1"}],"replies":[{"embeddable":true,"href":"https:\/\/bluesatmoonlight.com\/es\/wp-json\/wp\/v2\/comments?post=2204"}],"version-history":[{"count":9,"href":"https:\/\/bluesatmoonlight.com\/es\/wp-json\/wp\/v2\/pages\/2204\/revisions"}],"predecessor-version":[{"id":2731,"href":"https:\/\/bluesatmoonlight.com\/es\/wp-json\/wp\/v2\/pages\/2204\/revisions\/2731"}],"wp:attachment":[{"href":"https:\/\/bluesatmoonlight.com\/es\/wp-json\/wp\/v2\/media?parent=2204"}],"curies":[{"name":"wp","href":"https:\/\/api.w.org\/{rel}","templated":true}]}}