{"id":248,"date":"2016-02-24T13:44:15","date_gmt":"2016-02-24T13:44:15","guid":{"rendered":"http:\/\/bridge7.qodeinteractive.com\/?page_id=248"},"modified":"2025-10-14T13:13:03","modified_gmt":"2025-10-14T11:13:03","slug":"home","status":"publish","type":"page","link":"https:\/\/bluesatmoonlight.com\/es\/","title":{"rendered":"Inicio"},"content":{"rendered":"<p>[vc_row css_animation=\u00bb\u00bb row_type=\u00bbrow\u00bb use_row_as_full_screen_section=\u00bbno\u00bb type=\u00bbgrid\u00bb angled_section=\u00bbno\u00bb text_align=\u00bbleft\u00bb background_image_as_pattern=\u00bbwithout_pattern\u00bb background_image=\u00bb2191&#8243;][vc_column css=\u00bb.vc_custom_1678842932690{padding-top: 300px !important;padding-bottom: 0px !important;}\u00bb][vc_row_inner row_type=\u00bbrow\u00bb type=\u00bbfull_width\u00bb text_align=\u00bbleft\u00bb css_animation=\u00bb\u00bb][vc_column_inner el_class=\u00bbbg-cristal\u00bb][vc_column_text el_class=\u00bbmain-page-title\u00bb]<\/p>\n<h1>blues at moonlight<\/h1>\n<p>[\/vc_column_text][vc_column_text el_class=\u00bbmain-page-title\u00bb]<\/p>\n<h3>Por El Dandy Festivals<\/h3>\n<p>[\/vc_column_text][vc_column_text el_class=\u00bbmain-page-subtitle\u00bb]<\/p>\n<h2>Rock &#8216;n&#8217; Roll en el coraz\u00f3n de la Costa del Sol: Benalm\u00e1dena, M\u00e1laga, Espa\u00f1a.<\/h2>\n<p>[\/vc_column_text][vc_separator type=\u00bbtransparent\u00bb up=\u00bb15&#8243; down=\u00bb0&#8243;]<a  itemprop=\"url\" href=\"\/about\/\" target=\"_blank\"  class=\"qbutton  default\" style=\"\">Checkea todos los eventos!<\/a>[vc_separator type=\u00bbtransparent\u00bb up=\u00bb15&#8243; down=\u00bb0&#8243;]<a  itemprop=\"url\" href=\"\/buy-blues-at-moonlight-15-tickets\/\" target=\"_blank\"  class=\"qbutton  default\" style=\"\">Comprar entradas!<\/a>[vc_separator type=\u00bbtransparent\u00bb up=\u00bb15&#8243; down=\u00bb0&#8243;]<a  itemprop=\"url\" href=\"\/contact\/\" target=\"_blank\"  class=\"qbutton  default\" style=\"\">Cont\u00e1ctanos!<\/a>[\/vc_column_inner][\/vc_row_inner][\/vc_column][\/vc_row][vc_row css_animation=\u00bb\u00bb row_type=\u00bbrow\u00bb use_row_as_full_screen_section=\u00bbno\u00bb type=\u00bbgrid\u00bb angled_section=\u00bbno\u00bb text_align=\u00bbright\u00bb background_image_as_pattern=\u00bbwithout_pattern\u00bb background_image=\u00bb2264&#8243;][vc_column css=\u00bb.vc_custom_1678845652677{padding-top: 300px !important;padding-bottom: 0px !important;}\u00bb][vc_row_inner row_type=\u00bbrow\u00bb type=\u00bbfull_width\u00bb text_align=\u00bbleft\u00bb css_animation=\u00bb\u00bb][vc_column_inner el_class=\u00bbbg-cristal-right\u00bb][vc_video link=\u00bbhttps:\/\/www.youtube.com\/watch?v=66HBDLcI2qA\u00bb el_width=\u00bb70&#8243; align=\u00bbright\u00bb][vc_separator type=\u00bbtransparent\u00bb up=\u00bb50&#8243; down=\u00bb0&#8243;][vc_column_text]<\/p>\n<h2 style=\"text-align: right;\">Sobre el Festival Principal y los Previews<\/h2>\n<p>[\/vc_column_text][vc_column_text]<\/p>\n<h3 style=\"text-align: right;\">\u00a1LAS MEJORES BANDAS DE \u00abEL DANDY RECORDS\u00bb Y DEE JAYS!<\/h3>\n<p style=\"text-align: right;\">Adem\u00e1s del <strong>evento principal del Festival Blues At Moonlight<\/strong>, ahora presentamos <strong>Blues At Moonlight: The Previews<\/strong>. Los Previews son breves avances de m\u00fasica rockabilly con los que puedes empezar a calentar motores para el evento del a\u00f1o, y que se extienden a lo largo de los meses previos a <strong>Blues At Moonlight: The Main Event<\/strong>.<\/p>\n<p>[\/vc_column_text][vc_separator type=\u00bbtransparent\u00bb up=\u00bb50&#8243; down=\u00bb0&#8243;]<a  itemprop=\"url\" href=\"\/about\/\" target=\"_self\"  class=\"qbutton  right default\" style=\"\">Sobre el Festival<\/a>[vc_separator type=\u00bbtransparent\u00bb up=\u00bb15&#8243; down=\u00bb20&#8243;][qode_elements_holder number_of_columns=\u00bbtwo_columns\u00bb][qode_elements_holder_item vertical_alignment=\u00bbtop\u00bb advanced_animations=\u00bbno\u00bb item_padding=\u00bb0px 10px 0px 10px\u00bb custom_class=\u00bbhidethis\u00bb][vc_text_separator title=\u00bbBlues At Moonlight: The Previews\u00bb border=\u00bbno\u00bb title_color=\u00bb#0a0a0a\u00bb][vc_column_text]<\/p>\n<p style=\"text-align: left;\">Los Preestrenos consisten en breves destellos de m\u00fasica rockabilly que pueden ayudarle a prepararse para el acontecimiento m\u00e1s esperado del a\u00f1o. Estos avances se distribuyen a lo largo de los meses previos a Blues At Moonlight, que se considera la atracci\u00f3n principal.<\/p>\n<p>[\/vc_column_text][vc_separator type=\u00bbtransparent\u00bb up=\u00bb15&#8243; down=\u00bb0&#8243;][vc_column_text]<\/p>\n<h4 style=\"text-align: left;\">Blues at Moonlight Previews en Marzo<\/h4>\n<ul>\n<li style=\"text-align: left;\"><del>24 de Marzo de 2023<\/del><\/li>\n<li style=\"text-align: left;\"><del>25 de Marzo de 2023<\/del><\/li>\n<li style=\"text-align: left;\"><del>26 de Marzo de 2023<\/del><\/li>\n<\/ul>\n<h4 style=\"text-align: left;\">Blues at Moonlight Previews en Mayo<\/h4>\n<p style=\"text-align: left;\">En La Coquette Blues Bar<\/p>\n<ul>\n<li style=\"text-align: left;\"><del>19 de Mayo de 2023<\/del><\/li>\n<li style=\"text-align: left;\"><del>20 de Mayo de 2023<\/del><\/li>\n<li style=\"text-align: left;\"><del>21 de Mayo de 2023<\/del><\/li>\n<\/ul>\n<h4 style=\"text-align: left;\">Blues at Moonlight Previews en Junio<\/h4>\n<ul>\n<li style=\"text-align: left;\"><del>2 de Junio de 2023 en La Cochera<\/del><\/li>\n<li style=\"text-align: left;\"><del>3 de Junio de 2023 en Clarence Jazz Club<\/del><\/li>\n<\/ul>\n<h4 style=\"text-align: left;\">Blues at Moonlight Previews en Febrero<\/h4>\n<ul>\n<li style=\"text-align: left;\"><del>09 de Febrero de 2024 en Fuengirola<\/del><\/li>\n<li style=\"text-align: left;\"><del>10 de Febrero de 2024 en Benalm\u00e1dena<\/del><\/li>\n<li style=\"text-align: left;\"><del>11 de Febrero de 2024 en Fuengirola<\/del><\/li>\n<\/ul>\n<h4 style=\"text-align: left;\">Blues at Moonlight Previews Lady Luck Lexy en Abril<\/h4>\n<ul>\n<li style=\"text-align: left;\"><del>16 de Abril &#8211; FAT CAT, Fat LV 206 N 3rd<\/del><\/li>\n<li style=\"text-align: left;\"><del>17 de Abril &#8211; ROCKIN BETTIE, 1302 S 3rd St, LV 89104<\/del><\/li>\n<li style=\"text-align: left;\"><del>18 de Abril &#8211; VLV21, QUEENS OF THE ROCKEFENE<\/del><\/li>\n<li style=\"text-align: left;\"><del>20 de Abril &#8211; VLV27 REVEREND MARINIS ALLNIGHT SHOWCASE<\/del><\/li>\n<\/ul>\n<p>[\/vc_column_text][\/qode_elements_holder_item][qode_elements_holder_item vertical_alignment=\u00bbtop\u00bb advanced_animations=\u00bbno\u00bb item_padding=\u00bb0px 10px 0px 10px\u00bb][vc_text_separator title=\u00bbBlues At Moonlight: The Main Event\u00bb border=\u00bbno\u00bb title_color=\u00bb#0a0a0a\u00bb][vc_column_text]Vive el festival definitivo de rockabilly y m\u00fasica de ra\u00edces americana en Blues at Moonlight. Presentado por El Dandy Festivals, la edici\u00f3n de este a\u00f1o promete actuaciones electrizantes de los principales nombres de la industria.<\/p>\n<p>El festival ofrece un ambiente \u00edntimo y \u00fanico para una noche inolvidable de m\u00fasica y baile. Tanto si te gusta el rockabilly como la m\u00fasica de ra\u00edces americanas, Blues at Moonlight tiene algo para todos los gustos. Y aseg\u00farate de echar un vistazo a nuestros Blues at Moonlight Previews, breves avances de la oferta musical del festival repartidos a lo largo de los meses previos al evento principal, para hacerte una idea de lo que est\u00e1 por llegar. No te pierdas esta incre\u00edble noche de m\u00fasica y diversi\u00f3n.[\/vc_column_text][vc_empty_space][vc_single_image image=\u00bb2755&#8243; img_size=\u00bblarge\u00bb alignment=\u00bbcenter\u00bb qode_css_animation=\u00bb\u00bb][\/qode_elements_holder_item][\/qode_elements_holder][\/vc_column_inner][\/vc_row_inner][\/vc_column][\/vc_row]<\/p>\n","protected":false},"excerpt":{"rendered":"<p>[vc_row css_animation=\u00bb\u00bb row_type=\u00bbrow\u00bb use_row_as_full_screen_section=\u00bbno\u00bb type=\u00bbgrid\u00bb angled_section=\u00bbno\u00bb text_align=\u00bbleft\u00bb background_image_as_pattern=\u00bbwithout_pattern\u00bb background_image=\u00bb2191&#8243;][vc_column css=\u00bb.vc_custom_1678842932690{padding-top: 300px !important;padding-bottom: 0px !important;}\u00bb][vc_row_inner row_type=\u00bbrow\u00bb type=\u00bbfull_width\u00bb text_align=\u00bbleft\u00bb css_animation=\u00bb\u00bb][vc_column_inner el_class=\u00bbbg-cristal\u00bb][vc_column_text el_class=\u00bbmain-page-title\u00bb] blues at moonlight [\/vc_column_text][vc_column_text el_class=\u00bbmain-page-title\u00bb] Por El Dandy Festivals [\/vc_column_text][vc_column_text el_class=\u00bbmain-page-subtitle\u00bb] Rock &#8216;n&#8217; Roll en el coraz\u00f3n de la Costa del Sol: Benalm\u00e1dena, M\u00e1laga, Espa\u00f1a&#8230;.<\/p>\n","protected":false},"author":1,"featured_media":2755,"parent":0,"menu_order":0,"comment_status":"closed","ping_status":"closed","template":"full_width.php","meta":{"footnotes":""},"class_list":["post-248","page","type-page","status-publish","has-post-thumbnail","hentry"],"yoast_head":"<!-- This site is optimized with the Yoast SEO plugin v24.8.1 - https:\/\/yoast.com\/wordpress\/plugins\/seo\/ -->\n<title>Rockabilly y American Roots Music - Blues at Moonlight<\/title>\n<meta name=\"description\" content=\"Rockabilly y American Roots Music Vintage Festival en Benalm\u00e1dena, M\u00e1laga, Espa\u00f1a. Noviembre de 2017. Compra ahora tu Entrada o Cont\u00e1ctanos\" \/>\n<meta name=\"robots\" content=\"index, follow, max-snippet:-1, max-image-preview:large, max-video-preview:-1\" \/>\n<link rel=\"canonical\" href=\"https:\/\/bluesatmoonlight.com\/es\/\" \/>\n<meta property=\"og:locale\" content=\"es_ES\" \/>\n<meta property=\"og:type\" content=\"article\" \/>\n<meta property=\"og:title\" content=\"Rockabilly y American Roots Music - Blues at Moonlight\" \/>\n<meta property=\"og:description\" content=\"Rockabilly y American Roots Music Vintage Festival en Benalm\u00e1dena, M\u00e1laga, Espa\u00f1a. Noviembre de 2017. Compra ahora tu Entrada o Cont\u00e1ctanos\" \/>\n<meta property=\"og:url\" content=\"https:\/\/bluesatmoonlight.com\/es\/\" \/>\n<meta property=\"og:site_name\" content=\"Blues at Moonlight\" \/>\n<meta property=\"article:modified_time\" content=\"2025-10-14T11:13:03+00:00\" \/>\n<meta property=\"og:image\" content=\"https:\/\/bluesatmoonlight.com\/wp-content\/uploads\/2019\/05\/FB_Banner.jpg\" \/>\n\t<meta property=\"og:image:width\" content=\"1920\" \/>\n\t<meta property=\"og:image:height\" content=\"715\" \/>\n\t<meta property=\"og:image:type\" content=\"image\/jpeg\" \/>\n<meta name=\"twitter:card\" content=\"summary_large_image\" \/>\n<meta name=\"twitter:image\" content=\"https:\/\/bluesatmoonlight.com\/wp-content\/uploads\/2019\/05\/FB_Banner.jpg\" \/>\n<meta name=\"twitter:label1\" content=\"Tiempo de lectura\" \/>\n\t<meta name=\"twitter:data1\" content=\"4 minutos\" \/>\n<script type=\"application\/ld+json\" class=\"yoast-schema-graph\">{\"@context\":\"https:\/\/schema.org\",\"@graph\":[{\"@type\":\"WebPage\",\"@id\":\"https:\/\/bluesatmoonlight.com\/es\/\",\"url\":\"https:\/\/bluesatmoonlight.com\/es\/\",\"name\":\"Rockabilly y American Roots Music - Blues at Moonlight\",\"isPartOf\":{\"@id\":\"https:\/\/bluesatmoonlight.com\/es\/#website\"},\"primaryImageOfPage\":{\"@id\":\"https:\/\/bluesatmoonlight.com\/es\/#primaryimage\"},\"image\":{\"@id\":\"https:\/\/bluesatmoonlight.com\/#primaryimage\"},\"thumbnailUrl\":\"https:\/\/bluesatmoonlight.com\/wp-content\/uploads\/2025\/10\/WhatsApp-Image-2025-09-17-at-09.45.05.jpeg\",\"datePublished\":\"2016-02-24T13:44:15+00:00\",\"dateModified\":\"2025-10-14T11:13:03+00:00\",\"description\":\"Rockabilly y American Roots Music Vintage Festival en Benalm\u00e1dena, M\u00e1laga, Espa\u00f1a. Noviembre de 2017. Compra ahora tu Entrada o Cont\u00e1ctanos\",\"breadcrumb\":{\"@id\":\"https:\/\/bluesatmoonlight.com\/es\/#breadcrumb\"},\"inLanguage\":\"es\",\"potentialAction\":[{\"@type\":\"ReadAction\",\"target\":[[\"https:\/\/bluesatmoonlight.com\/es\/\"]]}]},{\"@type\":\"ImageObject\",\"inLanguage\":\"es\",\"@id\":\"https:\/\/bluesatmoonlight.com\/es\/#primaryimage\",\"url\":\"https:\/\/bluesatmoonlight.com\/wp-content\/uploads\/2025\/10\/WhatsApp-Image-2025-09-17-at-09.45.05.jpeg\",\"contentUrl\":\"https:\/\/bluesatmoonlight.com\/wp-content\/uploads\/2025\/10\/WhatsApp-Image-2025-09-17-at-09.45.05.jpeg\",\"width\":2560,\"height\":2184},{\"@type\":\"BreadcrumbList\",\"@id\":\"https:\/\/bluesatmoonlight.com\/es\/#breadcrumb\",\"itemListElement\":[{\"@type\":\"ListItem\",\"position\":1,\"name\":\"Home\",\"item\":\"https:\/\/bluesatmoonlight.com\/es\/\"},{\"@type\":\"ListItem\",\"position\":2,\"name\":\"Inicio\"}]},{\"@type\":\"WebSite\",\"@id\":\"https:\/\/bluesatmoonlight.com\/es\/#website\",\"url\":\"https:\/\/bluesatmoonlight.com\/es\/\",\"name\":\"Blues at Moonlight\",\"description\":\"Rockabilly and American Roots Music Vintage Festival\",\"publisher\":{\"@id\":\"https:\/\/bluesatmoonlight.com\/es\/#organization\"},\"potentialAction\":[{\"@type\":\"SearchAction\",\"target\":{\"@type\":\"EntryPoint\",\"urlTemplate\":\"https:\/\/bluesatmoonlight.com\/es\/?s={search_term_string}\"},\"query-input\":{\"@type\":\"PropertyValueSpecification\",\"valueRequired\":true,\"valueName\":\"search_term_string\"}}],\"inLanguage\":\"es\"},{\"@type\":\"Organization\",\"@id\":\"https:\/\/bluesatmoonlight.com\/es\/#organization\",\"name\":\"Blues at Moonlight\",\"url\":\"https:\/\/bluesatmoonlight.com\/es\/\",\"logo\":{\"@type\":\"ImageObject\",\"inLanguage\":\"es\",\"@id\":\"https:\/\/bluesatmoonlight.com\/es\/#\/schema\/logo\/image\/\",\"url\":\"https:\/\/bluesatmoonlight.com\/wp-content\/uploads\/2019\/05\/FB_Banner.jpg\",\"contentUrl\":\"https:\/\/bluesatmoonlight.com\/wp-content\/uploads\/2019\/05\/FB_Banner.jpg\",\"width\":2763,\"height\":1029,\"caption\":\"Blues at Moonlight\"},\"image\":{\"@id\":\"https:\/\/bluesatmoonlight.com\/es\/#\/schema\/logo\/image\/\"}}]}<\/script>\n<!-- \/ Yoast SEO plugin. -->","yoast_head_json":{"title":"Rockabilly y American Roots Music - Blues at Moonlight","description":"Rockabilly y American Roots Music Vintage Festival en Benalm\u00e1dena, M\u00e1laga, Espa\u00f1a. Noviembre de 2017. Compra ahora tu Entrada o Cont\u00e1ctanos","robots":{"index":"index","follow":"follow","max-snippet":"max-snippet:-1","max-image-preview":"max-image-preview:large","max-video-preview":"max-video-preview:-1"},"canonical":"https:\/\/bluesatmoonlight.com\/es\/","og_locale":"es_ES","og_type":"article","og_title":"Rockabilly y American Roots Music - Blues at Moonlight","og_description":"Rockabilly y American Roots Music Vintage Festival en Benalm\u00e1dena, M\u00e1laga, Espa\u00f1a. Noviembre de 2017. Compra ahora tu Entrada o Cont\u00e1ctanos","og_url":"https:\/\/bluesatmoonlight.com\/es\/","og_site_name":"Blues at Moonlight","article_modified_time":"2025-10-14T11:13:03+00:00","og_image":[{"width":1920,"height":715,"url":"https:\/\/bluesatmoonlight.com\/wp-content\/uploads\/2019\/05\/FB_Banner.jpg","type":"image\/jpeg"}],"twitter_card":"summary_large_image","twitter_image":"https:\/\/bluesatmoonlight.com\/wp-content\/uploads\/2019\/05\/FB_Banner.jpg","twitter_misc":{"Tiempo de lectura":"4 minutos"},"schema":{"@context":"https:\/\/schema.org","@graph":[{"@type":"WebPage","@id":"https:\/\/bluesatmoonlight.com\/es\/","url":"https:\/\/bluesatmoonlight.com\/es\/","name":"Rockabilly y American Roots Music - Blues at Moonlight","isPartOf":{"@id":"https:\/\/bluesatmoonlight.com\/es\/#website"},"primaryImageOfPage":{"@id":"https:\/\/bluesatmoonlight.com\/es\/#primaryimage"},"image":{"@id":"https:\/\/bluesatmoonlight.com\/#primaryimage"},"thumbnailUrl":"https:\/\/bluesatmoonlight.com\/wp-content\/uploads\/2025\/10\/WhatsApp-Image-2025-09-17-at-09.45.05.jpeg","datePublished":"2016-02-24T13:44:15+00:00","dateModified":"2025-10-14T11:13:03+00:00","description":"Rockabilly y American Roots Music Vintage Festival en Benalm\u00e1dena, M\u00e1laga, Espa\u00f1a. Noviembre de 2017. Compra ahora tu Entrada o Cont\u00e1ctanos","breadcrumb":{"@id":"https:\/\/bluesatmoonlight.com\/es\/#breadcrumb"},"inLanguage":"es","potentialAction":[{"@type":"ReadAction","target":[["https:\/\/bluesatmoonlight.com\/es\/"]]}]},{"@type":"ImageObject","inLanguage":"es","@id":"https:\/\/bluesatmoonlight.com\/es\/#primaryimage","url":"https:\/\/bluesatmoonlight.com\/wp-content\/uploads\/2025\/10\/WhatsApp-Image-2025-09-17-at-09.45.05.jpeg","contentUrl":"https:\/\/bluesatmoonlight.com\/wp-content\/uploads\/2025\/10\/WhatsApp-Image-2025-09-17-at-09.45.05.jpeg","width":2560,"height":2184},{"@type":"BreadcrumbList","@id":"https:\/\/bluesatmoonlight.com\/es\/#breadcrumb","itemListElement":[{"@type":"ListItem","position":1,"name":"Home","item":"https:\/\/bluesatmoonlight.com\/es\/"},{"@type":"ListItem","position":2,"name":"Inicio"}]},{"@type":"WebSite","@id":"https:\/\/bluesatmoonlight.com\/es\/#website","url":"https:\/\/bluesatmoonlight.com\/es\/","name":"Blues at Moonlight","description":"Rockabilly and American Roots Music Vintage Festival","publisher":{"@id":"https:\/\/bluesatmoonlight.com\/es\/#organization"},"potentialAction":[{"@type":"SearchAction","target":{"@type":"EntryPoint","urlTemplate":"https:\/\/bluesatmoonlight.com\/es\/?s={search_term_string}"},"query-input":{"@type":"PropertyValueSpecification","valueRequired":true,"valueName":"search_term_string"}}],"inLanguage":"es"},{"@type":"Organization","@id":"https:\/\/bluesatmoonlight.com\/es\/#organization","name":"Blues at Moonlight","url":"https:\/\/bluesatmoonlight.com\/es\/","logo":{"@type":"ImageObject","inLanguage":"es","@id":"https:\/\/bluesatmoonlight.com\/es\/#\/schema\/logo\/image\/","url":"https:\/\/bluesatmoonlight.com\/wp-content\/uploads\/2019\/05\/FB_Banner.jpg","contentUrl":"https:\/\/bluesatmoonlight.com\/wp-content\/uploads\/2019\/05\/FB_Banner.jpg","width":2763,"height":1029,"caption":"Blues at Moonlight"},"image":{"@id":"https:\/\/bluesatmoonlight.com\/es\/#\/schema\/logo\/image\/"}}]}},"_links":{"self":[{"href":"https:\/\/bluesatmoonlight.com\/es\/wp-json\/wp\/v2\/pages\/248","targetHints":{"allow":["GET"]}}],"collection":[{"href":"https:\/\/bluesatmoonlight.com\/es\/wp-json\/wp\/v2\/pages"}],"about":[{"href":"https:\/\/bluesatmoonlight.com\/es\/wp-json\/wp\/v2\/types\/page"}],"author":[{"embeddable":true,"href":"https:\/\/bluesatmoonlight.com\/es\/wp-json\/wp\/v2\/users\/1"}],"replies":[{"embeddable":true,"href":"https:\/\/bluesatmoonlight.com\/es\/wp-json\/wp\/v2\/comments?post=248"}],"version-history":[{"count":191,"href":"https:\/\/bluesatmoonlight.com\/es\/wp-json\/wp\/v2\/pages\/248\/revisions"}],"predecessor-version":[{"id":2757,"href":"https:\/\/bluesatmoonlight.com\/es\/wp-json\/wp\/v2\/pages\/248\/revisions\/2757"}],"wp:featuredmedia":[{"embeddable":true,"href":"https:\/\/bluesatmoonlight.com\/es\/wp-json\/wp\/v2\/media\/2755"}],"wp:attachment":[{"href":"https:\/\/bluesatmoonlight.com\/es\/wp-json\/wp\/v2\/media?parent=248"}],"curies":[{"name":"wp","href":"https:\/\/api.w.org\/{rel}","templated":true}]}}