{"id":535,"date":"2017-08-25T13:35:23","date_gmt":"2017-08-25T11:35:23","guid":{"rendered":"http:\/\/test.activesoundproductions.com\/?page_id=535"},"modified":"2023-04-24T15:50:23","modified_gmt":"2023-04-24T13:50:23","slug":"location","status":"publish","type":"page","link":"https:\/\/bluesatmoonlight.com\/es\/location\/","title":{"rendered":"Localizaci\u00f3n: Benalm\u00e1dena"},"content":{"rendered":"<p>[vc_row css_animation=\u00bb\u00bb row_type=\u00bbrow\u00bb use_row_as_full_screen_section=\u00bbno\u00bb type=\u00bbfull_width\u00bb angled_section=\u00bbno\u00bb text_align=\u00bbleft\u00bb background_image_as_pattern=\u00bbwithout_pattern\u00bb][vc_column][vc_column_text]<\/p>\n<h2>Sobre Benalm\u00e1dena<\/h2>\n<p>[\/vc_column_text][vc_separator type=\u00bbtransparent\u00bb up=\u00bb10&#8243;][vc_column_text]Benalm\u00e1dena es una poblaci\u00f3n de la provincia de M\u00e1laga situada junto al Mediterr\u00e1neo y que actualmente se ha convertido en uno de los principales destinos tur\u00edsticos de la Costa del Sol. La ciudad tiene una gran cantidad de opciones de ocio para todas las edades y cuenta con uno de los mejores puertos deportivos de Andaluc\u00eda.[\/vc_column_text][vc_separator type=\u00bbtransparent\u00bb up=\u00bb35&#8243;][\/vc_column][\/vc_row][vc_row css_animation=\u00bb\u00bb row_type=\u00bbrow\u00bb use_row_as_full_screen_section=\u00bbno\u00bb type=\u00bbfull_width\u00bb angled_section=\u00bbno\u00bb text_align=\u00bbleft\u00bb background_image_as_pattern=\u00bbwithout_pattern\u00bb][vc_column][vc_column_text]<\/p>\n<h3 style=\"color: #ffffff;\">Lugares que visitar<\/h3>\n<p>[\/vc_column_text][vc_separator type=\u00bbsmall\u00bb position=\u00bbleft\u00bb][vc_column_text]Benalm\u00e1dena es uno de esos enclaves que merece la pena visitar, vivir y recordar. Es una ciudad privilegiada en la que su gente afable, su ambiente apacible y sus bellos paisajes van de la mano con una amplia oferta de ocio y recreaci\u00f3n. Debido a la ubicaci\u00f3n geogr\u00e1fica de Benalm\u00e1dena, situada en pleno centro de la Costa del Sol y a tan s\u00f3lo once kil\u00f3metros del aeropuerto, bien comunicada por carretera, esta ciudad ofrece posibilidades de entretenimiento animado, un lugar tranquilo para relajarse y una importante actividad cultural al mismo tiempo. Este pueblo se presenta como el lugar ideal para cualquier tipo de visitante.[\/vc_column_text][vc_separator type=\u00bbtransparent\u00bb up=\u00bb35&#8243;][vc_column_text]<\/p>\n<h3 style=\"color: #ffffff;\">Diversi\u00f3n y Ocio<\/h3>\n<p>[\/vc_column_text][vc_separator type=\u00bbsmall\u00bb position=\u00bbleft\u00bb][vc_column_text]Entre sus muchos atractivos tur\u00edsticos, Benalm\u00e1dena ofrece unas instalaciones de primera calidad para los amantes del golf: el campo de golf de Torrequebrada, de 18 hoyos par 72, est\u00e1 considerado como uno de los mejores campos de Espa\u00f1a. El complejo Bil Bil House cuenta con el \u00fanico campo de golf de 18 hoyos Pitch and Putt en Andaluc\u00eda, as\u00ed como pistas de paddel y tenis. Benalm\u00e1dena Golf es un campo de golf de 9 hoyos, par 3 con una academia de golf de 48 bah\u00edas de pr\u00e1ctica y un campo de pr\u00e1cticas iluminado.<\/p>\n<p>[\/vc_column_text][vc_separator type=\u00bbtransparent\u00bb up=\u00bb35&#8243;][vc_column_text]<\/p>\n<h3 style=\"color: #ffffff;\">Sobre Benalm\u00e1dena Costa<\/h3>\n<p>[\/vc_column_text][vc_separator type=\u00bbsmall\u00bb position=\u00bbleft\u00bb][vc_column_text]Las playas de la ciudad cuentan con todo tipo de servicios como zonas recreativas, instalaciones muy bien cuidadas y una amplia variedad de comidas en los restaurantes y bares de playa.[\/vc_column_text][vc_separator type=\u00bbtransparent\u00bb up=\u00bb35&#8243;][\/vc_column][\/vc_row][vc_row css_animation=\u00bb\u00bb row_type=\u00bbrow\u00bb use_row_as_full_screen_section=\u00bbno\u00bb type=\u00bbfull_width\u00bb angled_section=\u00bbno\u00bb text_align=\u00bbleft\u00bb background_image_as_pattern=\u00bbwithout_pattern\u00bb][vc_column][vc_gallery type=\u00bbimage_grid\u00bb images=\u00bb539,540,541,542,543,544,545,546,547,548,549,550,551,552,553,554,555,556,557,558&#8243; img_size=\u00bb630&#215;323&#8243; column_number=\u00bb2&#8243; grayscale=\u00bbno\u00bb images_space=\u00bbgallery_without_space\u00bb][\/vc_column][\/vc_row]<\/p>\n","protected":false},"excerpt":{"rendered":"<p>[vc_row css_animation=\u00bb\u00bb row_type=\u00bbrow\u00bb use_row_as_full_screen_section=\u00bbno\u00bb type=\u00bbfull_width\u00bb angled_section=\u00bbno\u00bb text_align=\u00bbleft\u00bb background_image_as_pattern=\u00bbwithout_pattern\u00bb][vc_column][vc_column_text] Sobre Benalm\u00e1dena [\/vc_column_text][vc_separator type=\u00bbtransparent\u00bb up=\u00bb10&#8243;][vc_column_text]Benalm\u00e1dena es una poblaci\u00f3n de la provincia de M\u00e1laga situada junto al Mediterr\u00e1neo y que actualmente se ha convertido en uno de los principales destinos tur\u00edsticos de la Costa del Sol. La ciudad&#8230;<\/p>\n","protected":false},"author":1,"featured_media":0,"parent":0,"menu_order":0,"comment_status":"closed","ping_status":"closed","template":"","meta":{"footnotes":""},"class_list":["post-535","page","type-page","status-publish","hentry"],"yoast_head":"<!-- This site is optimized with the Yoast SEO plugin v24.8.1 - https:\/\/yoast.com\/wordpress\/plugins\/seo\/ -->\n<title>Localizaci\u00f3n: Benalm\u00e1dena - Blues at Moonlight<\/title>\n<meta name=\"robots\" content=\"index, follow, max-snippet:-1, max-image-preview:large, max-video-preview:-1\" \/>\n<link rel=\"canonical\" href=\"https:\/\/bluesatmoonlight.com\/es\/location\/\" \/>\n<meta property=\"og:locale\" content=\"es_ES\" \/>\n<meta property=\"og:type\" content=\"article\" \/>\n<meta property=\"og:title\" content=\"Localizaci\u00f3n: Benalm\u00e1dena - Blues at Moonlight\" \/>\n<meta property=\"og:description\" content=\"[vc_row css_animation=\u00bb\u00bb row_type=\u00bbrow\u00bb use_row_as_full_screen_section=\u00bbno\u00bb type=\u00bbfull_width\u00bb angled_section=\u00bbno\u00bb text_align=\u00bbleft\u00bb background_image_as_pattern=\u00bbwithout_pattern\u00bb][vc_column][vc_column_text] Sobre Benalm\u00e1dena [\/vc_column_text][vc_separator type=\u00bbtransparent\u00bb up=\u00bb10&#8243;][vc_column_text]Benalm\u00e1dena es una poblaci\u00f3n de la provincia de M\u00e1laga situada junto al Mediterr\u00e1neo y que actualmente se ha convertido en uno de los principales destinos tur\u00edsticos de la Costa del Sol. La ciudad...\" \/>\n<meta property=\"og:url\" content=\"https:\/\/bluesatmoonlight.com\/es\/location\/\" \/>\n<meta property=\"og:site_name\" content=\"Blues at Moonlight\" \/>\n<meta property=\"article:modified_time\" content=\"2023-04-24T13:50:23+00:00\" \/>\n<meta name=\"twitter:card\" content=\"summary_large_image\" \/>\n<meta name=\"twitter:label1\" content=\"Tiempo de lectura\" \/>\n\t<meta name=\"twitter:data1\" content=\"3 minutos\" \/>\n<script type=\"application\/ld+json\" class=\"yoast-schema-graph\">{\"@context\":\"https:\/\/schema.org\",\"@graph\":[{\"@type\":\"WebPage\",\"@id\":\"https:\/\/bluesatmoonlight.com\/es\/location\/\",\"url\":\"https:\/\/bluesatmoonlight.com\/es\/location\/\",\"name\":\"Localizaci\u00f3n: Benalm\u00e1dena - Blues at Moonlight\",\"isPartOf\":{\"@id\":\"https:\/\/bluesatmoonlight.com\/es\/#website\"},\"datePublished\":\"2017-08-25T11:35:23+00:00\",\"dateModified\":\"2023-04-24T13:50:23+00:00\",\"breadcrumb\":{\"@id\":\"https:\/\/bluesatmoonlight.com\/es\/location\/#breadcrumb\"},\"inLanguage\":\"es\",\"potentialAction\":[{\"@type\":\"ReadAction\",\"target\":[[\"https:\/\/bluesatmoonlight.com\/es\/location\/\"]]}]},{\"@type\":\"BreadcrumbList\",\"@id\":\"https:\/\/bluesatmoonlight.com\/es\/location\/#breadcrumb\",\"itemListElement\":[{\"@type\":\"ListItem\",\"position\":1,\"name\":\"Home\",\"item\":\"https:\/\/bluesatmoonlight.com\/es\/\"},{\"@type\":\"ListItem\",\"position\":2,\"name\":\"Location: Benalmadena\"}]},{\"@type\":\"WebSite\",\"@id\":\"https:\/\/bluesatmoonlight.com\/es\/#website\",\"url\":\"https:\/\/bluesatmoonlight.com\/es\/\",\"name\":\"Blues at Moonlight\",\"description\":\"Rockabilly and American Roots Music Vintage Festival\",\"publisher\":{\"@id\":\"https:\/\/bluesatmoonlight.com\/es\/#organization\"},\"potentialAction\":[{\"@type\":\"SearchAction\",\"target\":{\"@type\":\"EntryPoint\",\"urlTemplate\":\"https:\/\/bluesatmoonlight.com\/es\/?s={search_term_string}\"},\"query-input\":{\"@type\":\"PropertyValueSpecification\",\"valueRequired\":true,\"valueName\":\"search_term_string\"}}],\"inLanguage\":\"es\"},{\"@type\":\"Organization\",\"@id\":\"https:\/\/bluesatmoonlight.com\/es\/#organization\",\"name\":\"Blues at Moonlight\",\"url\":\"https:\/\/bluesatmoonlight.com\/es\/\",\"logo\":{\"@type\":\"ImageObject\",\"inLanguage\":\"es\",\"@id\":\"https:\/\/bluesatmoonlight.com\/es\/#\/schema\/logo\/image\/\",\"url\":\"https:\/\/bluesatmoonlight.com\/wp-content\/uploads\/2019\/05\/FB_Banner.jpg\",\"contentUrl\":\"https:\/\/bluesatmoonlight.com\/wp-content\/uploads\/2019\/05\/FB_Banner.jpg\",\"width\":2763,\"height\":1029,\"caption\":\"Blues at Moonlight\"},\"image\":{\"@id\":\"https:\/\/bluesatmoonlight.com\/es\/#\/schema\/logo\/image\/\"}}]}<\/script>\n<!-- \/ Yoast SEO plugin. -->","yoast_head_json":{"title":"Localizaci\u00f3n: Benalm\u00e1dena - Blues at Moonlight","robots":{"index":"index","follow":"follow","max-snippet":"max-snippet:-1","max-image-preview":"max-image-preview:large","max-video-preview":"max-video-preview:-1"},"canonical":"https:\/\/bluesatmoonlight.com\/es\/location\/","og_locale":"es_ES","og_type":"article","og_title":"Localizaci\u00f3n: Benalm\u00e1dena - Blues at Moonlight","og_description":"[vc_row css_animation=\u00bb\u00bb row_type=\u00bbrow\u00bb use_row_as_full_screen_section=\u00bbno\u00bb type=\u00bbfull_width\u00bb angled_section=\u00bbno\u00bb text_align=\u00bbleft\u00bb background_image_as_pattern=\u00bbwithout_pattern\u00bb][vc_column][vc_column_text] Sobre Benalm\u00e1dena [\/vc_column_text][vc_separator type=\u00bbtransparent\u00bb up=\u00bb10&#8243;][vc_column_text]Benalm\u00e1dena es una poblaci\u00f3n de la provincia de M\u00e1laga situada junto al Mediterr\u00e1neo y que actualmente se ha convertido en uno de los principales destinos tur\u00edsticos de la Costa del Sol. La ciudad...","og_url":"https:\/\/bluesatmoonlight.com\/es\/location\/","og_site_name":"Blues at Moonlight","article_modified_time":"2023-04-24T13:50:23+00:00","twitter_card":"summary_large_image","twitter_misc":{"Tiempo de lectura":"3 minutos"},"schema":{"@context":"https:\/\/schema.org","@graph":[{"@type":"WebPage","@id":"https:\/\/bluesatmoonlight.com\/es\/location\/","url":"https:\/\/bluesatmoonlight.com\/es\/location\/","name":"Localizaci\u00f3n: Benalm\u00e1dena - Blues at Moonlight","isPartOf":{"@id":"https:\/\/bluesatmoonlight.com\/es\/#website"},"datePublished":"2017-08-25T11:35:23+00:00","dateModified":"2023-04-24T13:50:23+00:00","breadcrumb":{"@id":"https:\/\/bluesatmoonlight.com\/es\/location\/#breadcrumb"},"inLanguage":"es","potentialAction":[{"@type":"ReadAction","target":[["https:\/\/bluesatmoonlight.com\/es\/location\/"]]}]},{"@type":"BreadcrumbList","@id":"https:\/\/bluesatmoonlight.com\/es\/location\/#breadcrumb","itemListElement":[{"@type":"ListItem","position":1,"name":"Home","item":"https:\/\/bluesatmoonlight.com\/es\/"},{"@type":"ListItem","position":2,"name":"Location: Benalmadena"}]},{"@type":"WebSite","@id":"https:\/\/bluesatmoonlight.com\/es\/#website","url":"https:\/\/bluesatmoonlight.com\/es\/","name":"Blues at Moonlight","description":"Rockabilly and American Roots Music Vintage Festival","publisher":{"@id":"https:\/\/bluesatmoonlight.com\/es\/#organization"},"potentialAction":[{"@type":"SearchAction","target":{"@type":"EntryPoint","urlTemplate":"https:\/\/bluesatmoonlight.com\/es\/?s={search_term_string}"},"query-input":{"@type":"PropertyValueSpecification","valueRequired":true,"valueName":"search_term_string"}}],"inLanguage":"es"},{"@type":"Organization","@id":"https:\/\/bluesatmoonlight.com\/es\/#organization","name":"Blues at Moonlight","url":"https:\/\/bluesatmoonlight.com\/es\/","logo":{"@type":"ImageObject","inLanguage":"es","@id":"https:\/\/bluesatmoonlight.com\/es\/#\/schema\/logo\/image\/","url":"https:\/\/bluesatmoonlight.com\/wp-content\/uploads\/2019\/05\/FB_Banner.jpg","contentUrl":"https:\/\/bluesatmoonlight.com\/wp-content\/uploads\/2019\/05\/FB_Banner.jpg","width":2763,"height":1029,"caption":"Blues at Moonlight"},"image":{"@id":"https:\/\/bluesatmoonlight.com\/es\/#\/schema\/logo\/image\/"}}]}},"_links":{"self":[{"href":"https:\/\/bluesatmoonlight.com\/es\/wp-json\/wp\/v2\/pages\/535","targetHints":{"allow":["GET"]}}],"collection":[{"href":"https:\/\/bluesatmoonlight.com\/es\/wp-json\/wp\/v2\/pages"}],"about":[{"href":"https:\/\/bluesatmoonlight.com\/es\/wp-json\/wp\/v2\/types\/page"}],"author":[{"embeddable":true,"href":"https:\/\/bluesatmoonlight.com\/es\/wp-json\/wp\/v2\/users\/1"}],"replies":[{"embeddable":true,"href":"https:\/\/bluesatmoonlight.com\/es\/wp-json\/wp\/v2\/comments?post=535"}],"version-history":[{"count":16,"href":"https:\/\/bluesatmoonlight.com\/es\/wp-json\/wp\/v2\/pages\/535\/revisions"}],"predecessor-version":[{"id":2316,"href":"https:\/\/bluesatmoonlight.com\/es\/wp-json\/wp\/v2\/pages\/535\/revisions\/2316"}],"wp:attachment":[{"href":"https:\/\/bluesatmoonlight.com\/es\/wp-json\/wp\/v2\/media?parent=535"}],"curies":[{"name":"wp","href":"https:\/\/api.w.org\/{rel}","templated":true}]}}